{"id":2948,"date":"2023-04-11T09:03:19","date_gmt":"2023-04-11T09:03:19","guid":{"rendered":"https:\/\/blog.hascorburkina.com\/?page_id=2948"},"modified":"2023-04-11T09:04:57","modified_gmt":"2023-04-11T09:04:57","slug":"article11-2","status":"publish","type":"page","link":"https:\/\/blog.hascorburkina.com\/index.php\/article11-2\/","title":{"rendered":"article11"},"content":{"rendered":"\t\t<div data-elementor-type=\"wp-page\" data-elementor-id=\"2948\" class=\"elementor elementor-2948\">\n\t\t\t\t\t\t<section class=\"elementor-section elementor-top-section elementor-element elementor-element-cf92c66 elementor-section-boxed elementor-section-height-default elementor-section-height-default\" data-id=\"cf92c66\" data-element_type=\"section\" data-e-type=\"section\">\n\t\t\t\t\t\t<div class=\"elementor-container elementor-column-gap-default\">\n\t\t\t\t\t<div class=\"elementor-column elementor-col-100 elementor-top-column elementor-element elementor-element-d3635e2\" data-id=\"d3635e2\" data-element_type=\"column\" data-e-type=\"column\">\n\t\t\t<div class=\"elementor-widget-wrap elementor-element-populated\">\n\t\t\t\t\t\t<div class=\"elementor-element elementor-element-f6b7cdd elementor-widget elementor-widget-heading\" data-id=\"f6b7cdd\" data-element_type=\"widget\" data-e-type=\"widget\" data-widget_type=\"heading.default\">\n\t\t\t\t<div class=\"elementor-widget-container\">\n\t\t\t\t\t<h2 class=\"elementor-heading-title elementor-size-default\">Tchad : L\u2019ambassadeur allemand expuls\u00e9, le GCAP demande des explications<\/h2>\t\t\t\t<\/div>\n\t\t\t\t<\/div>\n\t\t\t\t\t<\/div>\n\t\t<\/div>\n\t\t\t\t\t<\/div>\n\t\t<\/section>\n\t\t\t\t<section class=\"elementor-section elementor-top-section elementor-element elementor-element-460a5c8 elementor-section-content-middle elementor-section-boxed elementor-section-height-default elementor-section-height-default\" data-id=\"460a5c8\" data-element_type=\"section\" data-e-type=\"section\" data-settings=\"{&quot;background_background&quot;:&quot;classic&quot;}\">\n\t\t\t\t\t\t\t<div class=\"elementor-background-overlay\"><\/div>\n\t\t\t\t\t\t\t<div class=\"elementor-container elementor-column-gap-no\">\n\t\t\t\t\t<div class=\"elementor-column elementor-col-50 elementor-top-column elementor-element elementor-element-7a18a9b\" data-id=\"7a18a9b\" data-element_type=\"column\" data-e-type=\"column\">\n\t\t\t<div class=\"elementor-widget-wrap elementor-element-populated\">\n\t\t\t\t\t\t<div class=\"elementor-element elementor-element-77d5ee9 elementor-widget elementor-widget-image\" data-id=\"77d5ee9\" data-element_type=\"widget\" data-e-type=\"widget\" data-widget_type=\"image.default\">\n\t\t\t\t<div class=\"elementor-widget-container\">\n\t\t\t\t\t\t\t\t\t\t\t\t\t\t\t<img fetchpriority=\"high\" decoding=\"async\" width=\"924\" height=\"616\" src=\"https:\/\/blog.hascorburkina.com\/wp-content\/uploads\/2023\/04\/arton120710.jpg\" class=\"attachment-full size-full wp-image-2946\" alt=\"\" srcset=\"https:\/\/blog.hascorburkina.com\/wp-content\/uploads\/2023\/04\/arton120710.jpg 924w, https:\/\/blog.hascorburkina.com\/wp-content\/uploads\/2023\/04\/arton120710-600x400.jpg 600w, https:\/\/blog.hascorburkina.com\/wp-content\/uploads\/2023\/04\/arton120710-300x200.jpg 300w, https:\/\/blog.hascorburkina.com\/wp-content\/uploads\/2023\/04\/arton120710-768x512.jpg 768w\" sizes=\"(max-width: 924px) 100vw, 924px\" \/>\t\t\t\t\t\t\t\t\t\t\t\t\t\t\t<\/div>\n\t\t\t\t<\/div>\n\t\t\t\t\t<\/div>\n\t\t<\/div>\n\t\t\t\t<div class=\"elementor-column elementor-col-50 elementor-top-column elementor-element elementor-element-24d0f05\" data-id=\"24d0f05\" data-element_type=\"column\" data-e-type=\"column\">\n\t\t\t<div class=\"elementor-widget-wrap elementor-element-populated\">\n\t\t\t\t\t\t<div class=\"elementor-element elementor-element-2a3b4ef elementor-widget elementor-widget-text-editor\" data-id=\"2a3b4ef\" data-element_type=\"widget\" data-e-type=\"widget\" data-widget_type=\"text-editor.default\">\n\t\t\t\t<div class=\"elementor-widget-container\">\n\t\t\t\t\t\t\t\t\t<p><strong>Dans un communiqu\u00e9 du gouvernement tchadien en date du vendredi 7 avril 2023, l\u2019ambassadeur extraordinaire et pl\u00e9nipotentiaire de la r\u00e9publique f\u00e9d\u00e9rale d\u2019Allemagne Jan Christian Gordon Kricke, \u00e9tait somm\u00e9 de quitter le pays. A la date sus-indiqu\u00e9e, il disposait de 48h pour quitter le territoire tchadien et cette d\u00e9cision fut respect\u00e9e le samedi 8 avril 2023.<\/strong><\/p><div class=\"article_content\"><p>Pour beaucoup, les raisons de son d\u00e9part restent jusque l\u00e0 inexplicables. Seulement est-il pr\u00e9cis\u00e9 dans le communiqu\u00e9 ce qui suit\u00a0: \u00ab\u00a0cette d\u00e9cision du gouvernement est motiv\u00e9e par l\u2019attitude discourtoise et le non respect des usages diplomatiques par l\u2019ambassadeur d\u2019Allemagne, tels que prescrits par la convention de Vienne.\u00a0\u00bb<\/p><p>En rappel, en 2022, Jan Christian Gordon Kricke s\u2019\u00e9tait inqui\u00e9t\u00e9 des retards pris dans la tenue des \u00e9lections destin\u00e9es \u00e0 r\u00e9tablir la d\u00e9mocratie \u00e0 la suite d\u2019un coup d\u2019Etat militaire survenu cette ann\u00e9e-l\u00e0. Aussi, a-t-il \u00e9t\u00e9 critique \u00ab\u00a0face au manque de transparence des enqu\u00eates sur les manifestations de l\u2019opposition en 2022\u00a0\u00bb, rapporte Le monde, reprenant les propos de l\u2019analyste politique Yamingue Betinbye.<\/p><\/div>\t\t\t\t\t\t\t\t<\/div>\n\t\t\t\t<\/div>\n\t\t\t\t\t<\/div>\n\t\t<\/div>\n\t\t\t\t\t<\/div>\n\t\t<\/section>\n\t\t\t\t<section class=\"elementor-section elementor-top-section elementor-element elementor-element-1ec15c4 elementor-section-boxed elementor-section-height-default elementor-section-height-default\" data-id=\"1ec15c4\" data-element_type=\"section\" data-e-type=\"section\">\n\t\t\t\t\t\t<div class=\"elementor-container elementor-column-gap-default\">\n\t\t\t\t\t<div class=\"elementor-column elementor-col-100 elementor-top-column elementor-element elementor-element-9e97d13\" data-id=\"9e97d13\" data-element_type=\"column\" data-e-type=\"column\">\n\t\t\t<div class=\"elementor-widget-wrap elementor-element-populated\">\n\t\t\t\t\t\t<div class=\"elementor-element elementor-element-3896c03 elementor-widget elementor-widget-text-editor\" data-id=\"3896c03\" data-element_type=\"widget\" data-e-type=\"widget\" data-widget_type=\"text-editor.default\">\n\t\t\t\t<div class=\"elementor-widget-container\">\n\t\t\t\t\t\t\t\t\t<p>ns une publication de DW, une source au minist\u00e8re allemand des affaires \u00e9trang\u00e8res dit rester bleue quant \u00e0 la d\u00e9cision des autorit\u00e9s tchadiennes. \u00ab\u00a0Les raisons pour lesquelles le gouvernement du Tchad a d\u00e9clar\u00e9 notre Ambassadeur \u00e0 N\u2019Djamena persona non grata ne sont absolument pas compr\u00e9hensibles. Nous sommes en contact \u00e0 ce sujet avec le gouvernement du Tchad\u00a0\u00bb est-il indiqu\u00e9.<\/p><p>Du c\u00f4t\u00e9 du Tchad, cette d\u00e9cision du gouvernement tchadien n\u2019a pas laiss\u00e9 les acteurs politiques de marbre. Sur RFI, Abderaman Djasnabaille, pr\u00e9sident d\u2019un des partis de la mouvance pr\u00e9sidentielle, le CTDD, reconna\u00eet que cette d\u00e9cision est certes difficile mais qu\u2019elle rel\u00e8ve s\u00fbrement de la recherche de l\u2019int\u00e9r\u00eat g\u00e9n\u00e9ral. \u00ab\u00a0Ce n\u2019est pas simple d\u2019expulser un ambassadeur (d\u2019un pays) de grande taille comme la r\u00e9publique f\u00e9d\u00e9rale d\u2019Allemagne, donc si cela a \u00e9t\u00e9 fait, le gouvernement a des raisons de le faire. Dans un premier temps, ce sera difficile, mais je pense que l\u2019int\u00e9r\u00eat g\u00e9n\u00e9ral va l\u2019emporter\u00a0\u00bb est-il \u00e9crit sur RFI.<\/p><p>Pour Max Kemkoye, porte-parole du Groupe de concertation des acteurs politiques au Tchad, cette d\u00e9cision attend toujours d\u2019\u00eatre clarifi\u00e9e. \u00ab\u00a0Ils bombent le torse pour pouvoir \u00e9conduire un ambassadeur, c\u2019est extr\u00eamement grave, et nous attendons qu\u2019une clarification nette soit faite. On ne notifie pas \u00e0 un ambassadeur son d\u00e9part d\u2019un pays sur la base d\u2019un communiqu\u00e9. Nous sommes dans quel pays\u00a0?\u00a0\u00bb peste t-il.<\/p><p>Il est \u00e0 noter que l\u2019expulsion de Jan Christian Gordon Kricke n\u2019empi\u00e8te en rien sur les relations diplomatiques qui lient les deux pays. Toujours selon RFI, les autorit\u00e9s tchadiennes sont pr\u00eates \u00e0 examiner la demande d\u2019agr\u00e9ment d\u2019un nouvel ambassadeur.<\/p><p>En rappel, Jan Christian Gordon Kricke est Ambassadeur de la r\u00e9publique f\u00e9d\u00e9rale d\u2019Allemagne au Tchad depuis juillet 2021. Avant d\u2019exercer dans ce pays, le diplomate est pass\u00e9 par le Niger, l\u2019Angola et les Philippines. Il a \u00e9galement \u00e9t\u00e9 repr\u00e9sentant sp\u00e9cial de l\u2019Allemagne pour le Sahel.<\/p>\t\t\t\t\t\t\t\t<\/div>\n\t\t\t\t<\/div>\n\t\t\t\t\t<\/div>\n\t\t<\/div>\n\t\t\t\t\t<\/div>\n\t\t<\/section>\n\t\t\t\t<\/div>\n\t\t","protected":false},"excerpt":{"rendered":"<p>Tchad : L\u2019ambassadeur allemand expuls\u00e9, le GCAP demande des explications Dans un communiqu\u00e9 du gouvernement tchadien en date du vendredi 7 avril 2023, l\u2019ambassadeur extraordinaire et pl\u00e9nipotentiaire de la r\u00e9publique f\u00e9d\u00e9rale d\u2019Allemagne Jan Christian Gordon Kricke, \u00e9tait somm\u00e9 de quitter le pays. A la date sus-indiqu\u00e9e, il disposait de 48h pour quitter le territoire tchadien [&hellip;]<\/p>\n","protected":false},"author":2,"featured_media":0,"parent":0,"menu_order":0,"comment_status":"closed","ping_status":"closed","template":"","meta":{"site-sidebar-layout":"no-sidebar","site-content-layout":"page-builder","ast-site-content-layout":"default","site-content-style":"default","site-sidebar-style":"default","ast-global-header-display":"","ast-banner-title-visibility":"","ast-main-header-display":"","ast-hfb-above-header-display":"","ast-hfb-below-header-display":"","ast-hfb-mobile-header-display":"","site-post-title":"disabled","ast-breadcrumbs-content":"","ast-featured-img":"disabled","footer-sml-layout":"","theme-transparent-header-meta":"","adv-header-id-meta":"","stick-header-meta":"","header-above-stick-meta":"","header-main-stick-meta":"","header-below-stick-meta":"","astra-migrate-meta-layouts":"default","ast-page-background-enabled":"default","ast-page-background-meta":{"desktop":{"background-color":"","background-image":"","background-repeat":"repeat","background-position":"center center","background-size":"auto","background-attachment":"scroll","background-type":"","background-media":"","overlay-type":"","overlay-color":"","overlay-opacity":"","overlay-gradient":""},"tablet":{"background-color":"","background-image":"","background-repeat":"repeat","background-position":"center center","background-size":"auto","background-attachment":"scroll","background-type":"","background-media":"","overlay-type":"","overlay-color":"","overlay-opacity":"","overlay-gradient":""},"mobile":{"background-color":"","background-image":"","background-repeat":"repeat","background-position":"center center","background-size":"auto","background-attachment":"scroll","background-type":"","background-media":"","overlay-type":"","overlay-color":"","overlay-opacity":"","overlay-gradient":""}},"ast-content-background-meta":{"desktop":{"background-color":"var(--ast-global-color-5)","background-image":"","background-repeat":"repeat","background-position":"center center","background-size":"auto","background-attachment":"scroll","background-type":"","background-media":"","overlay-type":"","overlay-color":"","overlay-opacity":"","overlay-gradient":""},"tablet":{"background-color":"var(--ast-global-color-5)","background-image":"","background-repeat":"repeat","background-position":"center center","background-size":"auto","background-attachment":"scroll","background-type":"","background-media":"","overlay-type":"","overlay-color":"","overlay-opacity":"","overlay-gradient":""},"mobile":{"background-color":"var(--ast-global-color-5)","background-image":"","background-repeat":"repeat","background-position":"center center","background-size":"auto","background-attachment":"scroll","background-type":"","background-media":"","overlay-type":"","overlay-color":"","overlay-opacity":"","overlay-gradient":""}},"footnotes":""},"class_list":["post-2948","page","type-page","status-publish","hentry"],"jetpack_sharing_enabled":true,"rttpg_featured_image_url":null,"rttpg_author":{"display_name":"Hascor Burkina","author_link":"https:\/\/blog.hascorburkina.com\/index.php\/author\/hascorblog\/"},"rttpg_comment":0,"rttpg_category":null,"rttpg_excerpt":"Tchad : L\u2019ambassadeur allemand expuls\u00e9, le GCAP demande des explications Dans un communiqu\u00e9 du gouvernement tchadien en date du vendredi 7 avril 2023, l\u2019ambassadeur extraordinaire et pl\u00e9nipotentiaire de la r\u00e9publique f\u00e9d\u00e9rale d\u2019Allemagne Jan Christian Gordon Kricke, \u00e9tait somm\u00e9 de quitter le pays. A la date sus-indiqu\u00e9e, il disposait de 48h pour quitter le territoire tchadien\u2026","_links":{"self":[{"href":"https:\/\/blog.hascorburkina.com\/index.php\/wp-json\/wp\/v2\/pages\/2948","targetHints":{"allow":["GET"]}}],"collection":[{"href":"https:\/\/blog.hascorburkina.com\/index.php\/wp-json\/wp\/v2\/pages"}],"about":[{"href":"https:\/\/blog.hascorburkina.com\/index.php\/wp-json\/wp\/v2\/types\/page"}],"author":[{"embeddable":true,"href":"https:\/\/blog.hascorburkina.com\/index.php\/wp-json\/wp\/v2\/users\/2"}],"replies":[{"embeddable":true,"href":"https:\/\/blog.hascorburkina.com\/index.php\/wp-json\/wp\/v2\/comments?post=2948"}],"version-history":[{"count":4,"href":"https:\/\/blog.hascorburkina.com\/index.php\/wp-json\/wp\/v2\/pages\/2948\/revisions"}],"predecessor-version":[{"id":2953,"href":"https:\/\/blog.hascorburkina.com\/index.php\/wp-json\/wp\/v2\/pages\/2948\/revisions\/2953"}],"wp:attachment":[{"href":"https:\/\/blog.hascorburkina.com\/index.php\/wp-json\/wp\/v2\/media?parent=2948"}],"curies":[{"name":"wp","href":"https:\/\/api.w.org\/{rel}","templated":true}]}}