{"id":2923,"date":"2023-04-11T08:30:09","date_gmt":"2023-04-11T08:30:09","guid":{"rendered":"https:\/\/blog.hascorburkina.com\/?page_id=2923"},"modified":"2023-04-11T08:35:09","modified_gmt":"2023-04-11T08:35:09","slug":"elementor-2923","status":"publish","type":"page","link":"https:\/\/blog.hascorburkina.com\/index.php\/elementor-2923\/","title":{"rendered":"Elementor #2923"},"content":{"rendered":"\t\t<div data-elementor-type=\"wp-page\" data-elementor-id=\"2923\" class=\"elementor elementor-2923\">\n\t\t\t\t\t\t<section class=\"elementor-section elementor-top-section elementor-element elementor-element-59175ec elementor-section-boxed elementor-section-height-default elementor-section-height-default\" data-id=\"59175ec\" data-element_type=\"section\" data-e-type=\"section\">\n\t\t\t\t\t\t<div class=\"elementor-container elementor-column-gap-default\">\n\t\t\t\t\t<div class=\"elementor-column elementor-col-100 elementor-top-column elementor-element elementor-element-62bfee6\" data-id=\"62bfee6\" data-element_type=\"column\" data-e-type=\"column\">\n\t\t\t<div class=\"elementor-widget-wrap elementor-element-populated\">\n\t\t\t\t\t\t<div class=\"elementor-element elementor-element-30a1661 elementor-widget elementor-widget-heading\" data-id=\"30a1661\" data-element_type=\"widget\" data-e-type=\"widget\" data-widget_type=\"heading.default\">\n\t\t\t\t<div class=\"elementor-widget-container\">\n\t\t\t\t\t<h2 class=\"elementor-heading-title elementor-size-default\"><span style=\"text-transform: capitalize\">Burkina<\/span> : L\u2019ancien Premier ministre,<span style=\"text-transform: capitalize\"> Isaac Yacouba Zida,<\/span> revient sur le bilan de la Transition politique de 2014-2015<\/h2>\t\t\t\t<\/div>\n\t\t\t\t<\/div>\n\t\t\t\t\t<\/div>\n\t\t<\/div>\n\t\t\t\t\t<\/div>\n\t\t<\/section>\n\t\t\t\t<section class=\"elementor-section elementor-top-section elementor-element elementor-element-306d8df elementor-section-content-middle elementor-section-boxed elementor-section-height-default elementor-section-height-default\" data-id=\"306d8df\" data-element_type=\"section\" data-e-type=\"section\" data-settings=\"{&quot;background_background&quot;:&quot;classic&quot;}\">\n\t\t\t\t\t\t\t<div class=\"elementor-background-overlay\"><\/div>\n\t\t\t\t\t\t\t<div class=\"elementor-container elementor-column-gap-no\">\n\t\t\t\t\t<div class=\"elementor-column elementor-col-50 elementor-top-column elementor-element elementor-element-d8d2422\" data-id=\"d8d2422\" data-element_type=\"column\" data-e-type=\"column\">\n\t\t\t<div class=\"elementor-widget-wrap elementor-element-populated\">\n\t\t\t\t\t\t<div class=\"elementor-element elementor-element-006f39d elementor-widget elementor-widget-image\" data-id=\"006f39d\" data-element_type=\"widget\" data-e-type=\"widget\" data-widget_type=\"image.default\">\n\t\t\t\t<div class=\"elementor-widget-container\">\n\t\t\t\t\t\t\t\t\t\t\t\t\t\t\t<img fetchpriority=\"high\" decoding=\"async\" width=\"650\" height=\"433\" src=\"https:\/\/blog.hascorburkina.com\/wp-content\/uploads\/2023\/04\/arton120686.jpg\" class=\"attachment-full size-full wp-image-2922\" alt=\"\" srcset=\"https:\/\/blog.hascorburkina.com\/wp-content\/uploads\/2023\/04\/arton120686.jpg 650w, https:\/\/blog.hascorburkina.com\/wp-content\/uploads\/2023\/04\/arton120686-600x400.jpg 600w, https:\/\/blog.hascorburkina.com\/wp-content\/uploads\/2023\/04\/arton120686-300x200.jpg 300w\" sizes=\"(max-width: 650px) 100vw, 650px\" \/>\t\t\t\t\t\t\t\t\t\t\t\t\t\t\t<\/div>\n\t\t\t\t<\/div>\n\t\t\t\t\t<\/div>\n\t\t<\/div>\n\t\t\t\t<div class=\"elementor-column elementor-col-50 elementor-top-column elementor-element elementor-element-3004e5d\" data-id=\"3004e5d\" data-element_type=\"column\" data-e-type=\"column\">\n\t\t\t<div class=\"elementor-widget-wrap elementor-element-populated\">\n\t\t\t\t\t\t<div class=\"elementor-element elementor-element-5a3426d elementor-widget elementor-widget-text-editor\" data-id=\"5a3426d\" data-element_type=\"widget\" data-e-type=\"widget\" data-widget_type=\"text-editor.default\">\n\t\t\t\t<div class=\"elementor-widget-container\">\n\t\t\t\t\t\t\t\t\t<p><strong>A l\u2019occasion du premier anniversaire du verdict du proc\u00e8s de l\u2019assassinat de Thomas Sankara et ses compagnons, le Comit\u00e9 international du M\u00e9morial Thomas Sankara (CIM-TS) a initi\u00e9 un panel dans la soir\u00e9e de jeudi, 6 avril 2023 autour du th\u00e8me\u00a0: \u00ab\u00a0Proc\u00e8s de l\u2019assassinat du pr\u00e9sident Thomas Sankara et ses compagnons\u00a0: bilan et le\u00e7ons tir\u00e9es\u00a0\u00bb. Parmi les pan\u00e9listes, Yacouba Isaac Zida, ancien pr\u00e9sident du Faso (31 octobre -21 novembre 2014), ancien Premier ministre et cumulativement ancien ministre de la d\u00e9fense (19 novembre 2014-fin d\u00e9cembre 2015), dont la communication a consist\u00e9 en un bilan politique de cette Transition 2014-2015. Nous vous proposons, ci-dessous, l\u2019int\u00e9gralit\u00e9 de son bilan.<\/strong><\/p>\t\t\t\t\t\t\t\t<\/div>\n\t\t\t\t<\/div>\n\t\t\t\t\t<\/div>\n\t\t<\/div>\n\t\t\t\t\t<\/div>\n\t\t<\/section>\n\t\t\t\t<section class=\"elementor-section elementor-top-section elementor-element elementor-element-330be2c elementor-section-boxed elementor-section-height-default elementor-section-height-default\" data-id=\"330be2c\" data-element_type=\"section\" data-e-type=\"section\">\n\t\t\t\t\t\t<div class=\"elementor-container elementor-column-gap-default\">\n\t\t\t\t\t<div class=\"elementor-column elementor-col-100 elementor-top-column elementor-element elementor-element-bdd6246\" data-id=\"bdd6246\" data-element_type=\"column\" data-e-type=\"column\">\n\t\t\t<div class=\"elementor-widget-wrap elementor-element-populated\">\n\t\t\t\t\t\t<div class=\"elementor-element elementor-element-543adde elementor-widget elementor-widget-text-editor\" data-id=\"543adde\" data-element_type=\"widget\" data-e-type=\"widget\" data-widget_type=\"text-editor.default\">\n\t\t\t\t<div class=\"elementor-widget-container\">\n\t\t\t\t\t\t\t\t\t<p>\u00a0<\/p><div class=\"article_content\"><p><span class=\"spip_document_149313 spip_documents spip_documents_center\"><img decoding=\"async\" src=\"https:\/\/lefaso.net\/local\/cache-vignettes\/L600xH777\/intervention_sem_y._i._zida2-1-6eb9c.jpg?1680911887\" alt=\"\" width=\"600\" height=\"777\" \/><\/span><br class=\"autobr\" \/><span class=\"spip_document_149314 spip_documents spip_documents_center\"><img decoding=\"async\" src=\"https:\/\/lefaso.net\/local\/cache-vignettes\/L600xH777\/intervention_sem_y._i._zida2-2-b9f0d.jpg?1680911888\" alt=\"\" width=\"600\" height=\"777\" \/><\/span><br class=\"autobr\" \/><span class=\"spip_document_149315 spip_documents spip_documents_center\"><img loading=\"lazy\" decoding=\"async\" src=\"https:\/\/lefaso.net\/local\/cache-vignettes\/L600xH777\/intervention_sem_y._i._zida2-3-d7775.jpg?1680911888\" alt=\"\" width=\"600\" height=\"777\" \/><\/span><br class=\"autobr\" \/><span class=\"spip_document_149316 spip_documents spip_documents_center\"><img loading=\"lazy\" decoding=\"async\" src=\"https:\/\/lefaso.net\/local\/cache-vignettes\/L600xH777\/intervention_sem_y._i._zida2-4-e353d.jpg?1680911888\" alt=\"\" width=\"600\" height=\"777\" \/><\/span><br class=\"autobr\" \/><span class=\"spip_document_149317 spip_documents spip_documents_center\"><img loading=\"lazy\" decoding=\"async\" src=\"https:\/\/lefaso.net\/local\/cache-vignettes\/L600xH777\/intervention_sem_y._i._zida2-5-21c3b.jpg?1680911888\" alt=\"\" width=\"600\" height=\"777\" \/><\/span><br class=\"autobr\" \/><span class=\"spip_document_149318 spip_documents spip_documents_center\"><img loading=\"lazy\" decoding=\"async\" src=\"https:\/\/lefaso.net\/local\/cache-vignettes\/L600xH777\/intervention_sem_y._i._zida2-6-96f12.jpg?1680911888\" alt=\"\" width=\"600\" height=\"777\" \/><\/span><br class=\"autobr\" \/><span class=\"spip_document_149319 spip_documents spip_documents_center\"><img loading=\"lazy\" decoding=\"async\" src=\"https:\/\/lefaso.net\/local\/cache-vignettes\/L600xH777\/intervention_sem_y._i._zida2-7-af98c.jpg?1680911888\" alt=\"\" width=\"600\" height=\"777\" \/><\/span><br class=\"autobr\" \/><span class=\"spip_document_149320 spip_documents spip_documents_center\"><img loading=\"lazy\" decoding=\"async\" src=\"https:\/\/lefaso.net\/local\/cache-vignettes\/L600xH777\/intervention_sem_y._i._zida2-8-2ce60.jpg?1680911888\" alt=\"\" width=\"600\" height=\"777\" \/><\/span><br class=\"autobr\" \/><span class=\"spip_document_149321 spip_documents spip_documents_center\"><img loading=\"lazy\" decoding=\"async\" src=\"https:\/\/lefaso.net\/local\/cache-vignettes\/L600xH777\/intervention_sem_y._i._zida2-9-208f8.jpg?1680911888\" alt=\"\" width=\"600\" height=\"777\" \/><\/span><\/p><\/div><div><div id=\"st-1\" class=\"sharethis-inline-share-buttons st-justified st-has-labels  st-inline-share-buttons st-animated\"><div class=\"st-total \">\u00a0<\/div><\/div><\/div>\t\t\t\t\t\t\t\t<\/div>\n\t\t\t\t<\/div>\n\t\t\t\t\t<\/div>\n\t\t<\/div>\n\t\t\t\t\t<\/div>\n\t\t<\/section>\n\t\t\t\t<\/div>\n\t\t","protected":false},"excerpt":{"rendered":"<p>Burkina : L\u2019ancien Premier ministre, Isaac Yacouba Zida, revient sur le bilan de la Transition politique de 2014-2015 A l\u2019occasion du premier anniversaire du verdict du proc\u00e8s de l\u2019assassinat de Thomas Sankara et ses compagnons, le Comit\u00e9 international du M\u00e9morial Thomas Sankara (CIM-TS) a initi\u00e9 un panel dans la soir\u00e9e de jeudi, 6 avril 2023 [&hellip;]<\/p>\n","protected":false},"author":2,"featured_media":0,"parent":0,"menu_order":0,"comment_status":"closed","ping_status":"closed","template":"","meta":{"site-sidebar-layout":"no-sidebar","site-content-layout":"page-builder","ast-site-content-layout":"default","site-content-style":"default","site-sidebar-style":"default","ast-global-header-display":"","ast-banner-title-visibility":"","ast-main-header-display":"","ast-hfb-above-header-display":"","ast-hfb-below-header-display":"","ast-hfb-mobile-header-display":"","site-post-title":"disabled","ast-breadcrumbs-content":"","ast-featured-img":"disabled","footer-sml-layout":"","theme-transparent-header-meta":"","adv-header-id-meta":"","stick-header-meta":"","header-above-stick-meta":"","header-main-stick-meta":"","header-below-stick-meta":"","astra-migrate-meta-layouts":"default","ast-page-background-enabled":"default","ast-page-background-meta":{"desktop":{"background-color":"","background-image":"","background-repeat":"repeat","background-position":"center center","background-size":"auto","background-attachment":"scroll","background-type":"","background-media":"","overlay-type":"","overlay-color":"","overlay-opacity":"","overlay-gradient":""},"tablet":{"background-color":"","background-image":"","background-repeat":"repeat","background-position":"center center","background-size":"auto","background-attachment":"scroll","background-type":"","background-media":"","overlay-type":"","overlay-color":"","overlay-opacity":"","overlay-gradient":""},"mobile":{"background-color":"","background-image":"","background-repeat":"repeat","background-position":"center center","background-size":"auto","background-attachment":"scroll","background-type":"","background-media":"","overlay-type":"","overlay-color":"","overlay-opacity":"","overlay-gradient":""}},"ast-content-background-meta":{"desktop":{"background-color":"var(--ast-global-color-5)","background-image":"","background-repeat":"repeat","background-position":"center center","background-size":"auto","background-attachment":"scroll","background-type":"","background-media":"","overlay-type":"","overlay-color":"","overlay-opacity":"","overlay-gradient":""},"tablet":{"background-color":"var(--ast-global-color-5)","background-image":"","background-repeat":"repeat","background-position":"center center","background-size":"auto","background-attachment":"scroll","background-type":"","background-media":"","overlay-type":"","overlay-color":"","overlay-opacity":"","overlay-gradient":""},"mobile":{"background-color":"var(--ast-global-color-5)","background-image":"","background-repeat":"repeat","background-position":"center center","background-size":"auto","background-attachment":"scroll","background-type":"","background-media":"","overlay-type":"","overlay-color":"","overlay-opacity":"","overlay-gradient":""}},"footnotes":""},"class_list":["post-2923","page","type-page","status-publish","hentry"],"jetpack_sharing_enabled":true,"rttpg_featured_image_url":null,"rttpg_author":{"display_name":"Hascor Burkina","author_link":"https:\/\/blog.hascorburkina.com\/index.php\/author\/hascorblog\/"},"rttpg_comment":0,"rttpg_category":null,"rttpg_excerpt":"Burkina : L\u2019ancien Premier ministre, Isaac Yacouba Zida, revient sur le bilan de la Transition politique de 2014-2015 A l\u2019occasion du premier anniversaire du verdict du proc\u00e8s de l\u2019assassinat de Thomas Sankara et ses compagnons, le Comit\u00e9 international du M\u00e9morial Thomas Sankara (CIM-TS) a initi\u00e9 un panel dans la soir\u00e9e de jeudi, 6 avril 2023\u2026","_links":{"self":[{"href":"https:\/\/blog.hascorburkina.com\/index.php\/wp-json\/wp\/v2\/pages\/2923","targetHints":{"allow":["GET"]}}],"collection":[{"href":"https:\/\/blog.hascorburkina.com\/index.php\/wp-json\/wp\/v2\/pages"}],"about":[{"href":"https:\/\/blog.hascorburkina.com\/index.php\/wp-json\/wp\/v2\/types\/page"}],"author":[{"embeddable":true,"href":"https:\/\/blog.hascorburkina.com\/index.php\/wp-json\/wp\/v2\/users\/2"}],"replies":[{"embeddable":true,"href":"https:\/\/blog.hascorburkina.com\/index.php\/wp-json\/wp\/v2\/comments?post=2923"}],"version-history":[{"count":7,"href":"https:\/\/blog.hascorburkina.com\/index.php\/wp-json\/wp\/v2\/pages\/2923\/revisions"}],"predecessor-version":[{"id":2931,"href":"https:\/\/blog.hascorburkina.com\/index.php\/wp-json\/wp\/v2\/pages\/2923\/revisions\/2931"}],"wp:attachment":[{"href":"https:\/\/blog.hascorburkina.com\/index.php\/wp-json\/wp\/v2\/media?parent=2923"}],"curies":[{"name":"wp","href":"https:\/\/api.w.org\/{rel}","templated":true}]}}