{"id":2840,"date":"2023-04-04T10:10:02","date_gmt":"2023-04-04T10:10:02","guid":{"rendered":"https:\/\/blog.hascorburkina.com\/?page_id=2840"},"modified":"2023-04-04T10:10:57","modified_gmt":"2023-04-04T10:10:57","slug":"actuality1","status":"publish","type":"page","link":"https:\/\/blog.hascorburkina.com\/index.php\/actuality1\/","title":{"rendered":"actuality1"},"content":{"rendered":"\t\t<div data-elementor-type=\"wp-page\" data-elementor-id=\"2840\" class=\"elementor elementor-2840\">\n\t\t\t\t\t\t<section class=\"elementor-section elementor-top-section elementor-element elementor-element-0c3bdf4 elementor-section-boxed elementor-section-height-default elementor-section-height-default\" data-id=\"0c3bdf4\" data-element_type=\"section\" data-e-type=\"section\">\n\t\t\t\t\t\t<div class=\"elementor-container elementor-column-gap-default\">\n\t\t\t\t\t<div class=\"elementor-column elementor-col-100 elementor-top-column elementor-element elementor-element-8defd60\" data-id=\"8defd60\" data-element_type=\"column\" data-e-type=\"column\">\n\t\t\t<div class=\"elementor-widget-wrap elementor-element-populated\">\n\t\t\t\t\t\t<div class=\"elementor-element elementor-element-176b572 elementor-widget elementor-widget-heading\" data-id=\"176b572\" data-element_type=\"widget\" data-e-type=\"widget\" data-widget_type=\"heading.default\">\n\t\t\t\t<div class=\"elementor-widget-container\">\n\t\t\t\t\t<h2 class=\"elementor-heading-title elementor-size-default\">Centre national d\u2019\u00e9tudes strat\u00e9giques : Le rapport d\u2019activit\u00e9s 2022 remis au Chef de l\u2019Etat<\/h2>\t\t\t\t<\/div>\n\t\t\t\t<\/div>\n\t\t\t\t\t<\/div>\n\t\t<\/div>\n\t\t\t\t\t<\/div>\n\t\t<\/section>\n\t\t\t\t<section class=\"elementor-section elementor-top-section elementor-element elementor-element-231734d elementor-section-content-middle elementor-section-boxed elementor-section-height-default elementor-section-height-default\" data-id=\"231734d\" data-element_type=\"section\" data-e-type=\"section\" data-settings=\"{&quot;background_background&quot;:&quot;classic&quot;}\">\n\t\t\t\t\t\t\t<div class=\"elementor-background-overlay\"><\/div>\n\t\t\t\t\t\t\t<div class=\"elementor-container elementor-column-gap-no\">\n\t\t\t\t\t<div class=\"elementor-column elementor-col-50 elementor-top-column elementor-element elementor-element-0408911\" data-id=\"0408911\" data-element_type=\"column\" data-e-type=\"column\">\n\t\t\t<div class=\"elementor-widget-wrap elementor-element-populated\">\n\t\t\t\t\t\t<div class=\"elementor-element elementor-element-df2dd1f elementor-widget elementor-widget-image\" data-id=\"df2dd1f\" data-element_type=\"widget\" data-e-type=\"widget\" data-widget_type=\"image.default\">\n\t\t\t\t<div class=\"elementor-widget-container\">\n\t\t\t\t\t\t\t\t\t\t\t\t\t\t\t<img fetchpriority=\"high\" decoding=\"async\" width=\"960\" height=\"640\" src=\"https:\/\/blog.hascorburkina.com\/wp-content\/uploads\/2023\/04\/arton120577-1.jpg\" class=\"attachment-full size-full wp-image-2839\" alt=\"\" srcset=\"https:\/\/blog.hascorburkina.com\/wp-content\/uploads\/2023\/04\/arton120577-1.jpg 960w, https:\/\/blog.hascorburkina.com\/wp-content\/uploads\/2023\/04\/arton120577-1-600x400.jpg 600w, https:\/\/blog.hascorburkina.com\/wp-content\/uploads\/2023\/04\/arton120577-1-300x200.jpg 300w, https:\/\/blog.hascorburkina.com\/wp-content\/uploads\/2023\/04\/arton120577-1-768x512.jpg 768w\" sizes=\"(max-width: 960px) 100vw, 960px\" \/>\t\t\t\t\t\t\t\t\t\t\t\t\t\t\t<\/div>\n\t\t\t\t<\/div>\n\t\t\t\t\t<\/div>\n\t\t<\/div>\n\t\t\t\t<div class=\"elementor-column elementor-col-50 elementor-top-column elementor-element elementor-element-4097473\" data-id=\"4097473\" data-element_type=\"column\" data-e-type=\"column\">\n\t\t\t<div class=\"elementor-widget-wrap elementor-element-populated\">\n\t\t\t\t\t\t<div class=\"elementor-element elementor-element-c128feb elementor-widget elementor-widget-text-editor\" data-id=\"c128feb\" data-element_type=\"widget\" data-e-type=\"widget\" data-widget_type=\"text-editor.default\">\n\t\t\t\t<div class=\"elementor-widget-container\">\n\t\t\t\t\t\t\t\t\t(Ouagadougou, 3 avril 2023). Le Pr\u00e9sident de la Transition, Chef de l\u2019Etat, le Capitaine Ibrahim TRAORE a re\u00e7u ce lundi matin une d\u00e9l\u00e9gation du Centre national d\u2019\u00e9tudes strat\u00e9giques (CNES), venue remettre le rapport d\u2019activit\u00e9s 2022 du centre.\n\n\u00ab C\u2019est le tout premier rapport que le centre remet au Chef de l\u2019Etat. Il r\u00e9capitule l\u2019ensemble de nos activit\u00e9s depuis 2020, ann\u00e9e de cr\u00e9ation du Centre national d\u2019\u00e9tudes strat\u00e9giques \u00bb, a d\u00e9clar\u00e9 le G\u00e9n\u00e9ral de Brigade Barth\u00e9l\u00e9my SIMPORE, Directeur G\u00e9n\u00e9ral du CNES, \u00e0 l\u2019issue de la remise.\n\nSelon le directeur g\u00e9n\u00e9ral, le bilan des activit\u00e9s du centre fait ressortir des acquis comme les travaux d\u2019\u00e9laboration de la strat\u00e9gie nationale de lutte contre le terrorisme conduits entre 2020 et 2021, les cinq \u00e9tudes conduites par le centre en collaboration avec des experts et des chercheurs, sur des th\u00e9matiques li\u00e9es au contexte strat\u00e9gique.\t\t\t\t\t\t\t\t<\/div>\n\t\t\t\t<\/div>\n\t\t\t\t\t<\/div>\n\t\t<\/div>\n\t\t\t\t\t<\/div>\n\t\t<\/section>\n\t\t\t\t<section class=\"elementor-section elementor-top-section elementor-element elementor-element-2bb4a30 elementor-section-boxed elementor-section-height-default elementor-section-height-default\" data-id=\"2bb4a30\" data-element_type=\"section\" data-e-type=\"section\">\n\t\t\t\t\t\t<div class=\"elementor-container elementor-column-gap-default\">\n\t\t\t\t\t<div class=\"elementor-column elementor-col-100 elementor-top-column elementor-element elementor-element-6b412b4\" data-id=\"6b412b4\" data-element_type=\"column\" data-e-type=\"column\">\n\t\t\t<div class=\"elementor-widget-wrap elementor-element-populated\">\n\t\t\t\t\t\t<div class=\"elementor-element elementor-element-7b1dfc7 elementor-widget elementor-widget-text-editor\" data-id=\"7b1dfc7\" data-element_type=\"widget\" data-e-type=\"widget\" data-widget_type=\"text-editor.default\">\n\t\t\t\t<div class=\"elementor-widget-container\">\n\t\t\t\t\t\t\t\t\t<p>Le rapport pr\u00e9sente aussi des partenariats d\u00e9velopp\u00e9s par le CNES avec des structures de recherche, des partenaires au niveau sous r\u00e9gional.<\/p><p>Malgr\u00e9 sa jeunesse, le CNES a d\u00e9j\u00e0 engrang\u00e9 des acquis consistants, a soulign\u00e9 le G\u00e9n\u00e9ral SIMPORE, qui vont accompagner la politique nationale de d\u00e9fense et de s\u00e9curit\u00e9 du Burkina Faso.<\/p><p>Le Directeur G\u00e9n\u00e9ral du CNES a soutenu que la d\u00e9l\u00e9gation a fait, aupr\u00e8s du Chef de l\u2019Etat, un plaidoyer pour \u00ab\u00a0un appui institutionnel plus fort pour permettre au centre d\u2019accomplir au mieux son r\u00f4le d\u2019anticipation et d\u2019aide \u00e0 la prise de d\u00e9cision\u00a0\u00bb.<\/p>\t\t\t\t\t\t\t\t<\/div>\n\t\t\t\t<\/div>\n\t\t\t\t<div class=\"elementor-element elementor-element-ca6d5bb elementor-widget elementor-widget-image\" data-id=\"ca6d5bb\" data-element_type=\"widget\" data-e-type=\"widget\" data-widget_type=\"image.default\">\n\t\t\t\t<div class=\"elementor-widget-container\">\n\t\t\t\t\t\t\t\t\t\t\t\t\t\t\t<img decoding=\"async\" width=\"600\" height=\"492\" src=\"https:\/\/blog.hascorburkina.com\/wp-content\/uploads\/2023\/04\/whatsapp_image_2023-04-03_at_21.30.51_1_-0ce8a.jpg\" class=\"attachment-large size-large wp-image-2843\" alt=\"\" srcset=\"https:\/\/blog.hascorburkina.com\/wp-content\/uploads\/2023\/04\/whatsapp_image_2023-04-03_at_21.30.51_1_-0ce8a.jpg 600w, https:\/\/blog.hascorburkina.com\/wp-content\/uploads\/2023\/04\/whatsapp_image_2023-04-03_at_21.30.51_1_-0ce8a-300x246.jpg 300w\" sizes=\"(max-width: 600px) 100vw, 600px\" \/>\t\t\t\t\t\t\t\t\t\t\t\t\t\t\t<\/div>\n\t\t\t\t<\/div>\n\t\t\t\t\t<\/div>\n\t\t<\/div>\n\t\t\t\t\t<\/div>\n\t\t<\/section>\n\t\t\t\t<\/div>\n\t\t","protected":false},"excerpt":{"rendered":"<p>Centre national d\u2019\u00e9tudes strat\u00e9giques : Le rapport d\u2019activit\u00e9s 2022 remis au Chef de l\u2019Etat (Ouagadougou, 3 avril 2023). Le Pr\u00e9sident de la Transition, Chef de l\u2019Etat, le Capitaine Ibrahim TRAORE a re\u00e7u ce lundi matin une d\u00e9l\u00e9gation du Centre national d\u2019\u00e9tudes strat\u00e9giques (CNES), venue remettre le rapport d\u2019activit\u00e9s 2022 du centre. \u00ab C\u2019est le tout [&hellip;]<\/p>\n","protected":false},"author":2,"featured_media":0,"parent":0,"menu_order":0,"comment_status":"closed","ping_status":"closed","template":"","meta":{"site-sidebar-layout":"no-sidebar","site-content-layout":"page-builder","ast-site-content-layout":"default","site-content-style":"default","site-sidebar-style":"default","ast-global-header-display":"","ast-banner-title-visibility":"","ast-main-header-display":"","ast-hfb-above-header-display":"","ast-hfb-below-header-display":"","ast-hfb-mobile-header-display":"","site-post-title":"disabled","ast-breadcrumbs-content":"","ast-featured-img":"disabled","footer-sml-layout":"","theme-transparent-header-meta":"","adv-header-id-meta":"","stick-header-meta":"","header-above-stick-meta":"","header-main-stick-meta":"","header-below-stick-meta":"","astra-migrate-meta-layouts":"default","ast-page-background-enabled":"default","ast-page-background-meta":{"desktop":{"background-color":"","background-image":"","background-repeat":"repeat","background-position":"center center","background-size":"auto","background-attachment":"scroll","background-type":"","background-media":"","overlay-type":"","overlay-color":"","overlay-opacity":"","overlay-gradient":""},"tablet":{"background-color":"","background-image":"","background-repeat":"repeat","background-position":"center center","background-size":"auto","background-attachment":"scroll","background-type":"","background-media":"","overlay-type":"","overlay-color":"","overlay-opacity":"","overlay-gradient":""},"mobile":{"background-color":"","background-image":"","background-repeat":"repeat","background-position":"center center","background-size":"auto","background-attachment":"scroll","background-type":"","background-media":"","overlay-type":"","overlay-color":"","overlay-opacity":"","overlay-gradient":""}},"ast-content-background-meta":{"desktop":{"background-color":"var(--ast-global-color-5)","background-image":"","background-repeat":"repeat","background-position":"center center","background-size":"auto","background-attachment":"scroll","background-type":"","background-media":"","overlay-type":"","overlay-color":"","overlay-opacity":"","overlay-gradient":""},"tablet":{"background-color":"var(--ast-global-color-5)","background-image":"","background-repeat":"repeat","background-position":"center center","background-size":"auto","background-attachment":"scroll","background-type":"","background-media":"","overlay-type":"","overlay-color":"","overlay-opacity":"","overlay-gradient":""},"mobile":{"background-color":"var(--ast-global-color-5)","background-image":"","background-repeat":"repeat","background-position":"center center","background-size":"auto","background-attachment":"scroll","background-type":"","background-media":"","overlay-type":"","overlay-color":"","overlay-opacity":"","overlay-gradient":""}},"footnotes":""},"class_list":["post-2840","page","type-page","status-publish","hentry"],"jetpack_sharing_enabled":true,"rttpg_featured_image_url":null,"rttpg_author":{"display_name":"Hascor Burkina","author_link":"https:\/\/blog.hascorburkina.com\/index.php\/author\/hascorblog\/"},"rttpg_comment":0,"rttpg_category":null,"rttpg_excerpt":"Centre national d\u2019\u00e9tudes strat\u00e9giques : Le rapport d\u2019activit\u00e9s 2022 remis au Chef de l\u2019Etat (Ouagadougou, 3 avril 2023). Le Pr\u00e9sident de la Transition, Chef de l\u2019Etat, le Capitaine Ibrahim TRAORE a re\u00e7u ce lundi matin une d\u00e9l\u00e9gation du Centre national d\u2019\u00e9tudes strat\u00e9giques (CNES), venue remettre le rapport d\u2019activit\u00e9s 2022 du centre. \u00ab C\u2019est le tout\u2026","_links":{"self":[{"href":"https:\/\/blog.hascorburkina.com\/index.php\/wp-json\/wp\/v2\/pages\/2840","targetHints":{"allow":["GET"]}}],"collection":[{"href":"https:\/\/blog.hascorburkina.com\/index.php\/wp-json\/wp\/v2\/pages"}],"about":[{"href":"https:\/\/blog.hascorburkina.com\/index.php\/wp-json\/wp\/v2\/types\/page"}],"author":[{"embeddable":true,"href":"https:\/\/blog.hascorburkina.com\/index.php\/wp-json\/wp\/v2\/users\/2"}],"replies":[{"embeddable":true,"href":"https:\/\/blog.hascorburkina.com\/index.php\/wp-json\/wp\/v2\/comments?post=2840"}],"version-history":[{"count":5,"href":"https:\/\/blog.hascorburkina.com\/index.php\/wp-json\/wp\/v2\/pages\/2840\/revisions"}],"predecessor-version":[{"id":2870,"href":"https:\/\/blog.hascorburkina.com\/index.php\/wp-json\/wp\/v2\/pages\/2840\/revisions\/2870"}],"wp:attachment":[{"href":"https:\/\/blog.hascorburkina.com\/index.php\/wp-json\/wp\/v2\/media?parent=2840"}],"curies":[{"name":"wp","href":"https:\/\/api.w.org\/{rel}","templated":true}]}}