{"id":2825,"date":"2023-04-04T09:44:15","date_gmt":"2023-04-04T09:44:15","guid":{"rendered":"https:\/\/blog.hascorburkina.com\/?page_id=2825"},"modified":"2023-04-04T09:45:51","modified_gmt":"2023-04-04T09:45:51","slug":"2825-2","status":"publish","type":"page","link":"https:\/\/blog.hascorburkina.com\/index.php\/2825-2\/","title":{"rendered":""},"content":{"rendered":"\t\t<div data-elementor-type=\"wp-page\" data-elementor-id=\"2825\" class=\"elementor elementor-2825\">\n\t\t\t\t\t\t<section class=\"elementor-section elementor-top-section elementor-element elementor-element-9a20022 elementor-section-boxed elementor-section-height-default elementor-section-height-default\" data-id=\"9a20022\" data-element_type=\"section\" data-e-type=\"section\">\n\t\t\t\t\t\t<div class=\"elementor-container elementor-column-gap-default\">\n\t\t\t\t\t<div class=\"elementor-column elementor-col-100 elementor-top-column elementor-element elementor-element-3893e6c\" data-id=\"3893e6c\" data-element_type=\"column\" data-e-type=\"column\">\n\t\t\t<div class=\"elementor-widget-wrap elementor-element-populated\">\n\t\t\t\t\t\t<div class=\"elementor-element elementor-element-031da74 elementor-widget elementor-widget-heading\" data-id=\"031da74\" data-element_type=\"widget\" data-e-type=\"widget\" data-widget_type=\"heading.default\">\n\t\t\t\t<div class=\"elementor-widget-container\">\n\t\t\t\t\t<h2 class=\"elementor-heading-title elementor-size-default\">Lancement r\u00e9gional des projets \u00ab Communaut\u00e9s R\u00e9silientes \u00bb et \u00ab PONASI 2 \u00bb : La r\u00e9gion du Centre-Sud, du Centre-Est et du Centre-Ouest s\u2019engagent pour une gestion durable et concert\u00e9e des espaces prot\u00e9g\u00e9s.<\/h2>\t\t\t\t<\/div>\n\t\t\t\t<\/div>\n\t\t\t\t\t<\/div>\n\t\t<\/div>\n\t\t\t\t\t<\/div>\n\t\t<\/section>\n\t\t\t\t<section class=\"elementor-section elementor-top-section elementor-element elementor-element-9122288 elementor-section-content-middle elementor-section-boxed elementor-section-height-default elementor-section-height-default\" data-id=\"9122288\" data-element_type=\"section\" data-e-type=\"section\" data-settings=\"{&quot;background_background&quot;:&quot;classic&quot;}\">\n\t\t\t\t\t\t\t<div class=\"elementor-background-overlay\"><\/div>\n\t\t\t\t\t\t\t<div class=\"elementor-container elementor-column-gap-no\">\n\t\t\t\t\t<div class=\"elementor-column elementor-col-50 elementor-top-column elementor-element elementor-element-ce06087\" data-id=\"ce06087\" data-element_type=\"column\" data-e-type=\"column\">\n\t\t\t<div class=\"elementor-widget-wrap elementor-element-populated\">\n\t\t\t\t\t\t<div class=\"elementor-element elementor-element-e1c00b7 elementor-widget elementor-widget-image\" data-id=\"e1c00b7\" data-element_type=\"widget\" data-e-type=\"widget\" data-widget_type=\"image.default\">\n\t\t\t\t<div class=\"elementor-widget-container\">\n\t\t\t\t\t\t\t\t\t\t\t\t\t\t\t<img fetchpriority=\"high\" decoding=\"async\" width=\"640\" height=\"438\" src=\"https:\/\/blog.hascorburkina.com\/wp-content\/uploads\/2023\/04\/arton120576.jpg\" class=\"attachment-full size-full wp-image-2824\" alt=\"\" srcset=\"https:\/\/blog.hascorburkina.com\/wp-content\/uploads\/2023\/04\/arton120576.jpg 640w, https:\/\/blog.hascorburkina.com\/wp-content\/uploads\/2023\/04\/arton120576-600x411.jpg 600w, https:\/\/blog.hascorburkina.com\/wp-content\/uploads\/2023\/04\/arton120576-300x205.jpg 300w\" sizes=\"(max-width: 640px) 100vw, 640px\" \/>\t\t\t\t\t\t\t\t\t\t\t\t\t\t\t<\/div>\n\t\t\t\t<\/div>\n\t\t\t\t\t<\/div>\n\t\t<\/div>\n\t\t\t\t<div class=\"elementor-column elementor-col-50 elementor-top-column elementor-element elementor-element-93527b7\" data-id=\"93527b7\" data-element_type=\"column\" data-e-type=\"column\">\n\t\t\t<div class=\"elementor-widget-wrap elementor-element-populated\">\n\t\t\t\t\t\t<div class=\"elementor-element elementor-element-905677c elementor-widget elementor-widget-text-editor\" data-id=\"905677c\" data-element_type=\"widget\" data-e-type=\"widget\" data-widget_type=\"text-editor.default\">\n\t\t\t\t<div class=\"elementor-widget-container\">\n\t\t\t\t\t\t\t\t\t<p><strong>Apr\u00e8s le lancement national, l\u2019ONG \u00ab\u00a0Les Anges Gardiens de la Nature a proc\u00e9d\u00e9 au lancement r\u00e9gional des projets \u00ab\u00a0Communaut\u00e9s R\u00e9silientes\u00a0\u00bb et \u00ab\u00a0PONASI 2\u00a0\u00bb, ce lundi 03 avril 2023, dans la salle de conf\u00e9rence de Ramada Pearl h\u00f4tel \u00e0 Manga, la cit\u00e9 de l\u2019\u00e9pervier.<\/strong><\/p><div class=\"article_content\"><p>Plac\u00e9e sous le haut patronage de madame le Gouverneur de la r\u00e9gion du Centre-Sud, Massadalo Yvette NACOULMA\/SANOU, la c\u00e9r\u00e9monie de lancement r\u00e9gional a connu la participation des responsable de l\u2019administration territoriales (Gouverneur, Haut-Commissaire, Pr\u00e9sidents des D\u00e9l\u00e9gations Sp\u00e9ciales), des repr\u00e9sentants du minist\u00e8re de tutelle (Minist\u00e8re de l\u2019Environnement, l\u2019Eau et de l\u2019Assainissement), des repr\u00e9sentants des services techniques d\u00e9concentr\u00e9s (Action humanitaire, culture, jeunesse, sant\u00e9, ressources animales), des partenaires techniques et financiers et des partenaires de mise en \u0153uvre (les Organisations de la soci\u00e9t\u00e9 civile).<\/p><\/div>\t\t\t\t\t\t\t\t<\/div>\n\t\t\t\t<\/div>\n\t\t\t\t\t<\/div>\n\t\t<\/div>\n\t\t\t\t\t<\/div>\n\t\t<\/section>\n\t\t\t\t<section class=\"elementor-section elementor-top-section elementor-element elementor-element-bf63d59 elementor-section-boxed elementor-section-height-default elementor-section-height-default\" data-id=\"bf63d59\" data-element_type=\"section\" data-e-type=\"section\">\n\t\t\t\t\t\t<div class=\"elementor-container elementor-column-gap-default\">\n\t\t\t\t\t<div class=\"elementor-column elementor-col-100 elementor-top-column elementor-element elementor-element-ffad903\" data-id=\"ffad903\" data-element_type=\"column\" data-e-type=\"column\">\n\t\t\t<div class=\"elementor-widget-wrap elementor-element-populated\">\n\t\t\t\t\t\t<div class=\"elementor-element elementor-element-963571a elementor-widget elementor-widget-text-editor\" data-id=\"963571a\" data-element_type=\"widget\" data-e-type=\"widget\" data-widget_type=\"text-editor.default\">\n\t\t\t\t<div class=\"elementor-widget-container\">\n\t\t\t\t\t\t\t\t\t<p>Les projets \u00ab\u00a0Communaut\u00e9s R\u00e9silientes\u00a0\u00bb (Projet d\u2019appui \u00e0 la gestion durable et participative des espaces prot\u00e9g\u00e9s pour une lutte plus efficace contre les trafics des ressources naturelles du Burkina et du Ghana) et \u00ab\u00a0PONASI 2\u00a0\u00bb (Projet \u00ab\u00a0Renforcement des bases de la s\u00e9curisation, de la gestion durable et concert\u00e9e du complexe PONASI\u00a0\u00bb) sont financ\u00e9s par l\u2019Union Europ\u00e9enne. L\u2019EU apporte depuis plus de 40 ans des appuis financiers aux pays de la sous-r\u00e9gion pour la mise en \u0153uvre de politiques de conservation et de gestion durable des Aires Prot\u00e9g\u00e9es (AP).<\/p><p>Apr\u00e8s avoir financ\u00e9 le projet PONASI 1 \u00ab\u00a0appui \u00e0 l\u2019am\u00e9lioration du capital naturel du paysage PONASI et \u00e0 l\u2019accroissement de la r\u00e9silience des communaut\u00e9s riveraines\u00a0\u00bb qui a enregistr\u00e9 des r\u00e9sultats satisfaisants, l\u2019UE d\u00e9cide \u00e0 nouveau d\u2019accompagner le paysage PONASI en vue de rendre plus durables les acquis de la phase une. D\u2019une dur\u00e9e de 24 mois, le projet PONASI 2 est financ\u00e9 \u00e0 hauteur de 1.200.000\u20ac par l\u2019UE sur 1.265.000\u20ac, soit 95,00% euros. Il couvre les r\u00e9gions du Centre-Ouest, Centre-Est et du Centre-Sud du Burkina.<\/p>\t\t\t\t\t\t\t\t<\/div>\n\t\t\t\t<\/div>\n\t\t\t\t<div class=\"elementor-element elementor-element-2616679 elementor-widget elementor-widget-image\" data-id=\"2616679\" data-element_type=\"widget\" data-e-type=\"widget\" data-widget_type=\"image.default\">\n\t\t\t\t<div class=\"elementor-widget-container\">\n\t\t\t\t\t\t\t\t\t\t\t\t\t\t\t<img decoding=\"async\" width=\"600\" height=\"400\" src=\"https:\/\/blog.hascorburkina.com\/wp-content\/uploads\/2023\/04\/mme_le_gouverneur_de_la_region_du_centre-sud-0295c.jpg\" class=\"attachment-large size-large wp-image-2827\" alt=\"\" srcset=\"https:\/\/blog.hascorburkina.com\/wp-content\/uploads\/2023\/04\/mme_le_gouverneur_de_la_region_du_centre-sud-0295c.jpg 600w, https:\/\/blog.hascorburkina.com\/wp-content\/uploads\/2023\/04\/mme_le_gouverneur_de_la_region_du_centre-sud-0295c-300x200.jpg 300w\" sizes=\"(max-width: 600px) 100vw, 600px\" \/>\t\t\t\t\t\t\t\t\t\t\t\t\t\t\t<\/div>\n\t\t\t\t<\/div>\n\t\t\t\t\t<\/div>\n\t\t<\/div>\n\t\t\t\t\t<\/div>\n\t\t<\/section>\n\t\t\t\t<section class=\"elementor-section elementor-top-section elementor-element elementor-element-d52fae2 elementor-section-boxed elementor-section-height-default elementor-section-height-default\" data-id=\"d52fae2\" data-element_type=\"section\" data-e-type=\"section\">\n\t\t\t\t\t\t<div class=\"elementor-container elementor-column-gap-default\">\n\t\t\t\t\t<div class=\"elementor-column elementor-col-100 elementor-top-column elementor-element elementor-element-72f4bd3\" data-id=\"72f4bd3\" data-element_type=\"column\" data-e-type=\"column\">\n\t\t\t<div class=\"elementor-widget-wrap elementor-element-populated\">\n\t\t\t\t\t\t<div class=\"elementor-element elementor-element-1aa0657 elementor-widget elementor-widget-text-editor\" data-id=\"1aa0657\" data-element_type=\"widget\" data-e-type=\"widget\" data-widget_type=\"text-editor.default\">\n\t\t\t\t<div class=\"elementor-widget-container\">\n\t\t\t\t\t\t\t\t\t<p>Ce projet vise entre autres \u00e0 consolider les acquis du PONASI 1, assurer durablement la protection et la gestion partag\u00e9e et int\u00e9gr\u00e9e des ressources naturelles et environnementales du complexe PONASI et apporter un appui dans la conservation des \u00e9l\u00e9phants dans ce complexe \u00e9cologique en vue de garantir les conditions de vie et de reproduction de cette esp\u00e8ce en situation plus ou moins critique sur la liste rouge de l\u2019UICN.<\/p><p>Le projet \u00ab\u00a0Communaut\u00e9s R\u00e9silientes\u00a0\u00bb quant \u00e0 lui a \u00e9t\u00e9 \u00e9labor\u00e9 par le consortium AGN-TIN TUA-ORGIIS et financ\u00e9 par l\u2019Union Europ\u00e9enne (Contrat de subvention FED\/2022\/432-251) pour un montant global de 3.000.000\u20ac sur 3.150.000\u20ac, soit 95,00% euros et pr\u00e9vu sur une dur\u00e9e de 35 mois. Il va se d\u00e9rouler au Ghana et au Burkina Faso respectivement sur les paysages CREMA Nord-Ghana, WAP et PONASI<\/p>\t\t\t\t\t\t\t\t<\/div>\n\t\t\t\t<\/div>\n\t\t\t\t\t<\/div>\n\t\t<\/div>\n\t\t\t\t\t<\/div>\n\t\t<\/section>\n\t\t\t\t<\/div>\n\t\t","protected":false},"excerpt":{"rendered":"<p>Lancement r\u00e9gional des projets \u00ab Communaut\u00e9s R\u00e9silientes \u00bb et \u00ab PONASI 2 \u00bb : La r\u00e9gion du Centre-Sud, du Centre-Est et du Centre-Ouest s\u2019engagent pour une gestion durable et concert\u00e9e des espaces prot\u00e9g\u00e9s. Apr\u00e8s le lancement national, l\u2019ONG \u00ab\u00a0Les Anges Gardiens de la Nature a proc\u00e9d\u00e9 au lancement r\u00e9gional des projets \u00ab\u00a0Communaut\u00e9s R\u00e9silientes\u00a0\u00bb et \u00ab\u00a0PONASI [&hellip;]<\/p>\n","protected":false},"author":2,"featured_media":0,"parent":0,"menu_order":0,"comment_status":"closed","ping_status":"closed","template":"","meta":{"site-sidebar-layout":"no-sidebar","site-content-layout":"page-builder","ast-site-content-layout":"default","site-content-style":"default","site-sidebar-style":"default","ast-global-header-display":"","ast-banner-title-visibility":"","ast-main-header-display":"","ast-hfb-above-header-display":"","ast-hfb-below-header-display":"","ast-hfb-mobile-header-display":"","site-post-title":"disabled","ast-breadcrumbs-content":"","ast-featured-img":"disabled","footer-sml-layout":"","theme-transparent-header-meta":"","adv-header-id-meta":"","stick-header-meta":"","header-above-stick-meta":"","header-main-stick-meta":"","header-below-stick-meta":"","astra-migrate-meta-layouts":"default","ast-page-background-enabled":"default","ast-page-background-meta":{"desktop":{"background-color":"","background-image":"","background-repeat":"repeat","background-position":"center center","background-size":"auto","background-attachment":"scroll","background-type":"","background-media":"","overlay-type":"","overlay-color":"","overlay-opacity":"","overlay-gradient":""},"tablet":{"background-color":"","background-image":"","background-repeat":"repeat","background-position":"center center","background-size":"auto","background-attachment":"scroll","background-type":"","background-media":"","overlay-type":"","overlay-color":"","overlay-opacity":"","overlay-gradient":""},"mobile":{"background-color":"","background-image":"","background-repeat":"repeat","background-position":"center center","background-size":"auto","background-attachment":"scroll","background-type":"","background-media":"","overlay-type":"","overlay-color":"","overlay-opacity":"","overlay-gradient":""}},"ast-content-background-meta":{"desktop":{"background-color":"var(--ast-global-color-5)","background-image":"","background-repeat":"repeat","background-position":"center center","background-size":"auto","background-attachment":"scroll","background-type":"","background-media":"","overlay-type":"","overlay-color":"","overlay-opacity":"","overlay-gradient":""},"tablet":{"background-color":"var(--ast-global-color-5)","background-image":"","background-repeat":"repeat","background-position":"center center","background-size":"auto","background-attachment":"scroll","background-type":"","background-media":"","overlay-type":"","overlay-color":"","overlay-opacity":"","overlay-gradient":""},"mobile":{"background-color":"var(--ast-global-color-5)","background-image":"","background-repeat":"repeat","background-position":"center center","background-size":"auto","background-attachment":"scroll","background-type":"","background-media":"","overlay-type":"","overlay-color":"","overlay-opacity":"","overlay-gradient":""}},"footnotes":""},"class_list":["post-2825","page","type-page","status-publish","hentry"],"jetpack_sharing_enabled":true,"rttpg_featured_image_url":null,"rttpg_author":{"display_name":"Hascor Burkina","author_link":"https:\/\/blog.hascorburkina.com\/index.php\/author\/hascorblog\/"},"rttpg_comment":0,"rttpg_category":null,"rttpg_excerpt":"Lancement r\u00e9gional des projets \u00ab Communaut\u00e9s R\u00e9silientes \u00bb et \u00ab PONASI 2 \u00bb : La r\u00e9gion du Centre-Sud, du Centre-Est et du Centre-Ouest s\u2019engagent pour une gestion durable et concert\u00e9e des espaces prot\u00e9g\u00e9s. Apr\u00e8s le lancement national, l\u2019ONG \u00ab\u00a0Les Anges Gardiens de la Nature a proc\u00e9d\u00e9 au lancement r\u00e9gional des projets \u00ab\u00a0Communaut\u00e9s R\u00e9silientes\u00a0\u00bb et \u00ab\u00a0PONASI\u2026","_links":{"self":[{"href":"https:\/\/blog.hascorburkina.com\/index.php\/wp-json\/wp\/v2\/pages\/2825","targetHints":{"allow":["GET"]}}],"collection":[{"href":"https:\/\/blog.hascorburkina.com\/index.php\/wp-json\/wp\/v2\/pages"}],"about":[{"href":"https:\/\/blog.hascorburkina.com\/index.php\/wp-json\/wp\/v2\/types\/page"}],"author":[{"embeddable":true,"href":"https:\/\/blog.hascorburkina.com\/index.php\/wp-json\/wp\/v2\/users\/2"}],"replies":[{"embeddable":true,"href":"https:\/\/blog.hascorburkina.com\/index.php\/wp-json\/wp\/v2\/comments?post=2825"}],"version-history":[{"count":4,"href":"https:\/\/blog.hascorburkina.com\/index.php\/wp-json\/wp\/v2\/pages\/2825\/revisions"}],"predecessor-version":[{"id":2842,"href":"https:\/\/blog.hascorburkina.com\/index.php\/wp-json\/wp\/v2\/pages\/2825\/revisions\/2842"}],"wp:attachment":[{"href":"https:\/\/blog.hascorburkina.com\/index.php\/wp-json\/wp\/v2\/media?parent=2825"}],"curies":[{"name":"wp","href":"https:\/\/api.w.org\/{rel}","templated":true}]}}