{"id":2802,"date":"2023-03-25T11:18:13","date_gmt":"2023-03-25T11:18:13","guid":{"rendered":"https:\/\/blog.hascorburkina.com\/?page_id=2802"},"modified":"2023-03-25T11:25:09","modified_gmt":"2023-03-25T11:25:09","slug":"article12","status":"publish","type":"page","link":"https:\/\/blog.hascorburkina.com\/index.php\/article12\/","title":{"rendered":"article12"},"content":{"rendered":"\t\t<div data-elementor-type=\"wp-page\" data-elementor-id=\"2802\" class=\"elementor elementor-2802\">\n\t\t\t\t\t\t<section class=\"elementor-section elementor-top-section elementor-element elementor-element-a761702 elementor-section-boxed elementor-section-height-default elementor-section-height-default\" data-id=\"a761702\" data-element_type=\"section\" data-e-type=\"section\">\n\t\t\t\t\t\t<div class=\"elementor-container elementor-column-gap-default\">\n\t\t\t\t\t<div class=\"elementor-column elementor-col-100 elementor-top-column elementor-element elementor-element-b7116e1\" data-id=\"b7116e1\" data-element_type=\"column\" data-e-type=\"column\">\n\t\t\t<div class=\"elementor-widget-wrap elementor-element-populated\">\n\t\t\t\t\t\t<div class=\"elementor-element elementor-element-61e820e elementor-widget elementor-widget-heading\" data-id=\"61e820e\" data-element_type=\"widget\" data-e-type=\"widget\" data-widget_type=\"heading.default\">\n\t\t\t\t<div class=\"elementor-widget-container\">\n\t\t\t\t\t<h2 class=\"elementor-heading-title elementor-size-default\">16\u00e8me \u00e9dition du SIAO : Un bilan positif enregistr\u00e9 !<\/h2>\t\t\t\t<\/div>\n\t\t\t\t<\/div>\n\t\t\t\t\t<\/div>\n\t\t<\/div>\n\t\t\t\t\t<\/div>\n\t\t<\/section>\n\t\t\t\t<section class=\"elementor-section elementor-top-section elementor-element elementor-element-c4c3ec6 elementor-section-content-middle elementor-section-boxed elementor-section-height-default elementor-section-height-default\" data-id=\"c4c3ec6\" data-element_type=\"section\" data-e-type=\"section\" data-settings=\"{&quot;background_background&quot;:&quot;classic&quot;}\">\n\t\t\t\t\t\t\t<div class=\"elementor-background-overlay\"><\/div>\n\t\t\t\t\t\t\t<div class=\"elementor-container elementor-column-gap-no\">\n\t\t\t\t\t<div class=\"elementor-column elementor-col-50 elementor-top-column elementor-element elementor-element-64fea66\" data-id=\"64fea66\" data-element_type=\"column\" data-e-type=\"column\">\n\t\t\t<div class=\"elementor-widget-wrap elementor-element-populated\">\n\t\t\t\t\t\t<div class=\"elementor-element elementor-element-74a559a elementor-widget elementor-widget-image\" data-id=\"74a559a\" data-element_type=\"widget\" data-e-type=\"widget\" data-widget_type=\"image.default\">\n\t\t\t\t<div class=\"elementor-widget-container\">\n\t\t\t\t\t\t\t\t\t\t\t\t\t\t\t<img fetchpriority=\"high\" decoding=\"async\" width=\"750\" height=\"385\" src=\"https:\/\/blog.hascorburkina.com\/wp-content\/uploads\/2023\/03\/une-14-scaled-1.jpg\" class=\"attachment-full size-full wp-image-2800\" alt=\"\" srcset=\"https:\/\/blog.hascorburkina.com\/wp-content\/uploads\/2023\/03\/une-14-scaled-1.jpg 750w, https:\/\/blog.hascorburkina.com\/wp-content\/uploads\/2023\/03\/une-14-scaled-1-600x308.jpg 600w, https:\/\/blog.hascorburkina.com\/wp-content\/uploads\/2023\/03\/une-14-scaled-1-300x154.jpg 300w\" sizes=\"(max-width: 750px) 100vw, 750px\" \/>\t\t\t\t\t\t\t\t\t\t\t\t\t\t\t<\/div>\n\t\t\t\t<\/div>\n\t\t\t\t\t<\/div>\n\t\t<\/div>\n\t\t\t\t<div class=\"elementor-column elementor-col-50 elementor-top-column elementor-element elementor-element-fcc82dd\" data-id=\"fcc82dd\" data-element_type=\"column\" data-e-type=\"column\">\n\t\t\t<div class=\"elementor-widget-wrap elementor-element-populated\">\n\t\t\t\t\t\t<div class=\"elementor-element elementor-element-9ae3322 elementor-widget elementor-widget-text-editor\" data-id=\"9ae3322\" data-element_type=\"widget\" data-e-type=\"widget\" data-widget_type=\"text-editor.default\">\n\t\t\t\t<div class=\"elementor-widget-container\">\n\t\t\t\t\t\t\t\t\t<p><strong>Ce vendredi 23 mars 2023, le Comit\u00e9 d\u2019organisation de la 16<sup>\u00e8me<\/sup>\u00a0\u00e9dition du Salon International de l\u2019Artisanat de Ouagadougou (SIAO) tenue du 27 janvier au 05 f\u00e9vrier 2023 sous le th\u00e8me \u00ab Artisanat africain, levier de d\u00e9veloppement et facteur de r\u00e9silience des populations \u00bb, a dress\u00e9 un bilan satisfaisant et se projette pour la 17e \u00e9dition.<\/strong><\/p><p>La 16<sup>\u00e8me<\/sup>\u00a0\u00e9dition du SIAO a permis de montrer la r\u00e9silience du peuple burkinab\u00e8 \u00e0 travers l\u2019organisation r\u00e9ussie de cet \u00e9v\u00e9nement. \u00ab\u00a0<em>C\u2019est la preuve que notre ch\u00e8re patrie reste toujours debout et fr\u00e9quentable contrairement \u00e0 certaines opinions qui tentent de d\u00e9montrer le contraire<\/em>\u00a0\u00bb, a introduit Fid\u00e8le Ilboudo, Secr\u00e9taire g\u00e9n\u00e9ral du minist\u00e8re du D\u00e9veloppement Industriel, du Commerce, de l\u2019Artisanat et des Petites et Moyennes Entreprises du minist\u00e8re de l\u2019artisanat, vice-pr\u00e9sident du comit\u00e9 d\u2019organisation de l\u2019\u00e9dition.<\/p>\t\t\t\t\t\t\t\t<\/div>\n\t\t\t\t<\/div>\n\t\t\t\t\t<\/div>\n\t\t<\/div>\n\t\t\t\t\t<\/div>\n\t\t<\/section>\n\t\t\t\t<section class=\"elementor-section elementor-top-section elementor-element elementor-element-a5a759f elementor-section-boxed elementor-section-height-default elementor-section-height-default\" data-id=\"a5a759f\" data-element_type=\"section\" data-e-type=\"section\">\n\t\t\t\t\t\t<div class=\"elementor-container elementor-column-gap-default\">\n\t\t\t\t\t<div class=\"elementor-column elementor-col-100 elementor-top-column elementor-element elementor-element-2ff6e50\" data-id=\"2ff6e50\" data-element_type=\"column\" data-e-type=\"column\">\n\t\t\t<div class=\"elementor-widget-wrap elementor-element-populated\">\n\t\t\t\t\t\t<div class=\"elementor-element elementor-element-6e9393c elementor-widget elementor-widget-text-editor\" data-id=\"6e9393c\" data-element_type=\"widget\" data-e-type=\"widget\" data-widget_type=\"text-editor.default\">\n\t\t\t\t<div class=\"elementor-widget-container\">\n\t\t\t\t\t\t\t\t\t<p>Les \u00a0membres du comit\u00e9 d\u2019organisation, la s\u00e9curit\u00e9, les m\u00e9dias ainsi que les partenaires techniques et financiers ont \u00e9t\u00e9 f\u00e9licit\u00e9s pour leur engagement qui a permis une organisation r\u00e9ussie de l\u2019\u00e9v\u00e9nement. Chose qui permet aux braves artisans de tirer profit de la manifestation dans un contexte socio-\u00e9conomique et s\u00e9curitaire tr\u00e8s difficile toujours, selon Fid\u00e8le Ilboudo.<\/p><p>Cette 16e \u00e9dition, malgr\u00e9 qu\u2019elle ne s\u2019est pas tenue \u00e0 bonne date, a connu la participation d\u2019exposants, de journalistes, d\u2019invit\u00e9s, de visiteurs et acheteurs professionnels de 34 pays venus d\u2019Afrique, d\u2019Am\u00e9rique, d\u2019Asie et d\u2019Europe, \u00ab Afrique du Sud, Alg\u00e9rie, Australie, Belgique, B\u00e9nin, Bulgarie, Burkina Faso, Burundi, Cameroun, Centrafrique, Chine, Congo, C\u00f4te d\u2019Ivoire, Etats Unis d\u2019Am\u00e9rique, Ethiopie, France, Gabon, Ghana, Guin\u00e9e, Inde, Iran, Italie, Japon, Kenya, Madagascar, Mali, Mauritanie, Maroc, Niger, Pakistan, S\u00e9n\u00e9gal, Suisse, Tchad, Togo \u00bb.<\/p><p>\u00a0<\/p>\t\t\t\t\t\t\t\t<\/div>\n\t\t\t\t<\/div>\n\t\t\t\t<div class=\"elementor-element elementor-element-cecf964 elementor-widget elementor-widget-image\" data-id=\"cecf964\" data-element_type=\"widget\" data-e-type=\"widget\" data-widget_type=\"image.default\">\n\t\t\t\t<div class=\"elementor-widget-container\">\n\t\t\t\t\t\t\t\t\t\t\t\t\t\t\t<img decoding=\"async\" width=\"779\" height=\"1024\" src=\"https:\/\/blog.hascorburkina.com\/wp-content\/uploads\/2023\/03\/Fidele-Ilboudo-1169x1536-1-779x1024.jpg\" class=\"attachment-large size-large wp-image-2804\" alt=\"\" srcset=\"https:\/\/blog.hascorburkina.com\/wp-content\/uploads\/2023\/03\/Fidele-Ilboudo-1169x1536-1-779x1024.jpg 779w, https:\/\/blog.hascorburkina.com\/wp-content\/uploads\/2023\/03\/Fidele-Ilboudo-1169x1536-1-600x788.jpg 600w, https:\/\/blog.hascorburkina.com\/wp-content\/uploads\/2023\/03\/Fidele-Ilboudo-1169x1536-1-228x300.jpg 228w, https:\/\/blog.hascorburkina.com\/wp-content\/uploads\/2023\/03\/Fidele-Ilboudo-1169x1536-1-768x1009.jpg 768w, https:\/\/blog.hascorburkina.com\/wp-content\/uploads\/2023\/03\/Fidele-Ilboudo-1169x1536-1.jpg 1169w\" sizes=\"(max-width: 779px) 100vw, 779px\" \/>\t\t\t\t\t\t\t\t\t\t\t\t\t\t\t<\/div>\n\t\t\t\t<\/div>\n\t\t\t\t\t<\/div>\n\t\t<\/div>\n\t\t\t\t\t<\/div>\n\t\t<\/section>\n\t\t\t\t<\/div>\n\t\t","protected":false},"excerpt":{"rendered":"<p>16\u00e8me \u00e9dition du SIAO : Un bilan positif enregistr\u00e9 ! Ce vendredi 23 mars 2023, le Comit\u00e9 d\u2019organisation de la 16\u00e8me\u00a0\u00e9dition du Salon International de l\u2019Artisanat de Ouagadougou (SIAO) tenue du 27 janvier au 05 f\u00e9vrier 2023 sous le th\u00e8me \u00ab Artisanat africain, levier de d\u00e9veloppement et facteur de r\u00e9silience des populations \u00bb, a dress\u00e9 [&hellip;]<\/p>\n","protected":false},"author":2,"featured_media":0,"parent":0,"menu_order":0,"comment_status":"closed","ping_status":"closed","template":"","meta":{"site-sidebar-layout":"no-sidebar","site-content-layout":"page-builder","ast-site-content-layout":"default","site-content-style":"default","site-sidebar-style":"default","ast-global-header-display":"","ast-banner-title-visibility":"","ast-main-header-display":"","ast-hfb-above-header-display":"","ast-hfb-below-header-display":"","ast-hfb-mobile-header-display":"","site-post-title":"disabled","ast-breadcrumbs-content":"","ast-featured-img":"disabled","footer-sml-layout":"","theme-transparent-header-meta":"","adv-header-id-meta":"","stick-header-meta":"","header-above-stick-meta":"","header-main-stick-meta":"","header-below-stick-meta":"","astra-migrate-meta-layouts":"default","ast-page-background-enabled":"default","ast-page-background-meta":{"desktop":{"background-color":"","background-image":"","background-repeat":"repeat","background-position":"center center","background-size":"auto","background-attachment":"scroll","background-type":"","background-media":"","overlay-type":"","overlay-color":"","overlay-opacity":"","overlay-gradient":""},"tablet":{"background-color":"","background-image":"","background-repeat":"repeat","background-position":"center center","background-size":"auto","background-attachment":"scroll","background-type":"","background-media":"","overlay-type":"","overlay-color":"","overlay-opacity":"","overlay-gradient":""},"mobile":{"background-color":"","background-image":"","background-repeat":"repeat","background-position":"center center","background-size":"auto","background-attachment":"scroll","background-type":"","background-media":"","overlay-type":"","overlay-color":"","overlay-opacity":"","overlay-gradient":""}},"ast-content-background-meta":{"desktop":{"background-color":"var(--ast-global-color-5)","background-image":"","background-repeat":"repeat","background-position":"center center","background-size":"auto","background-attachment":"scroll","background-type":"","background-media":"","overlay-type":"","overlay-color":"","overlay-opacity":"","overlay-gradient":""},"tablet":{"background-color":"var(--ast-global-color-5)","background-image":"","background-repeat":"repeat","background-position":"center center","background-size":"auto","background-attachment":"scroll","background-type":"","background-media":"","overlay-type":"","overlay-color":"","overlay-opacity":"","overlay-gradient":""},"mobile":{"background-color":"var(--ast-global-color-5)","background-image":"","background-repeat":"repeat","background-position":"center center","background-size":"auto","background-attachment":"scroll","background-type":"","background-media":"","overlay-type":"","overlay-color":"","overlay-opacity":"","overlay-gradient":""}},"footnotes":""},"class_list":["post-2802","page","type-page","status-publish","hentry"],"jetpack_sharing_enabled":true,"rttpg_featured_image_url":null,"rttpg_author":{"display_name":"Hascor Burkina","author_link":"https:\/\/blog.hascorburkina.com\/index.php\/author\/hascorblog\/"},"rttpg_comment":0,"rttpg_category":null,"rttpg_excerpt":"16\u00e8me \u00e9dition du SIAO : Un bilan positif enregistr\u00e9 ! Ce vendredi 23 mars 2023, le Comit\u00e9 d\u2019organisation de la 16\u00e8me\u00a0\u00e9dition du Salon International de l\u2019Artisanat de Ouagadougou (SIAO) tenue du 27 janvier au 05 f\u00e9vrier 2023 sous le th\u00e8me \u00ab Artisanat africain, levier de d\u00e9veloppement et facteur de r\u00e9silience des populations \u00bb, a dress\u00e9\u2026","_links":{"self":[{"href":"https:\/\/blog.hascorburkina.com\/index.php\/wp-json\/wp\/v2\/pages\/2802","targetHints":{"allow":["GET"]}}],"collection":[{"href":"https:\/\/blog.hascorburkina.com\/index.php\/wp-json\/wp\/v2\/pages"}],"about":[{"href":"https:\/\/blog.hascorburkina.com\/index.php\/wp-json\/wp\/v2\/types\/page"}],"author":[{"embeddable":true,"href":"https:\/\/blog.hascorburkina.com\/index.php\/wp-json\/wp\/v2\/users\/2"}],"replies":[{"embeddable":true,"href":"https:\/\/blog.hascorburkina.com\/index.php\/wp-json\/wp\/v2\/comments?post=2802"}],"version-history":[{"count":4,"href":"https:\/\/blog.hascorburkina.com\/index.php\/wp-json\/wp\/v2\/pages\/2802\/revisions"}],"predecessor-version":[{"id":2808,"href":"https:\/\/blog.hascorburkina.com\/index.php\/wp-json\/wp\/v2\/pages\/2802\/revisions\/2808"}],"wp:attachment":[{"href":"https:\/\/blog.hascorburkina.com\/index.php\/wp-json\/wp\/v2\/media?parent=2802"}],"curies":[{"name":"wp","href":"https:\/\/api.w.org\/{rel}","templated":true}]}}