{"id":2788,"date":"2023-03-25T11:04:36","date_gmt":"2023-03-25T11:04:36","guid":{"rendered":"https:\/\/blog.hascorburkina.com\/?page_id=2788"},"modified":"2023-03-25T11:09:24","modified_gmt":"2023-03-25T11:09:24","slug":"article11","status":"publish","type":"page","link":"https:\/\/blog.hascorburkina.com\/index.php\/article11\/","title":{"rendered":"article11"},"content":{"rendered":"\t\t<div data-elementor-type=\"wp-page\" data-elementor-id=\"2788\" class=\"elementor elementor-2788\">\n\t\t\t\t\t\t<section class=\"elementor-section elementor-top-section elementor-element elementor-element-be142c3 elementor-section-boxed elementor-section-height-default elementor-section-height-default\" data-id=\"be142c3\" data-element_type=\"section\" data-e-type=\"section\">\n\t\t\t\t\t\t<div class=\"elementor-container elementor-column-gap-default\">\n\t\t\t\t\t<div class=\"elementor-column elementor-col-100 elementor-top-column elementor-element elementor-element-4260644\" data-id=\"4260644\" data-element_type=\"column\" data-e-type=\"column\">\n\t\t\t<div class=\"elementor-widget-wrap elementor-element-populated\">\n\t\t\t\t\t\t<div class=\"elementor-element elementor-element-05c0185 elementor-widget elementor-widget-heading\" data-id=\"05c0185\" data-element_type=\"widget\" data-e-type=\"widget\" data-widget_type=\"heading.default\">\n\t\t\t\t<div class=\"elementor-widget-container\">\n\t\t\t\t\t<span class=\"elementor-heading-title elementor-size-large\">Fili\u00e8re coton : Le ministre du d\u00e9veloppement industriel satisfait du travail de qualit\u00e9 du complexe industriel d\u2019\u00e9grenage Bobo III de la SOFITEX<\/span>\t\t\t\t<\/div>\n\t\t\t\t<\/div>\n\t\t\t\t\t<\/div>\n\t\t<\/div>\n\t\t\t\t\t<\/div>\n\t\t<\/section>\n\t\t\t\t<section class=\"elementor-section elementor-top-section elementor-element elementor-element-ae27c05 elementor-section-content-middle elementor-section-boxed elementor-section-height-default elementor-section-height-default\" data-id=\"ae27c05\" data-element_type=\"section\" data-e-type=\"section\" data-settings=\"{&quot;background_background&quot;:&quot;classic&quot;}\">\n\t\t\t\t\t\t\t<div class=\"elementor-background-overlay\"><\/div>\n\t\t\t\t\t\t\t<div class=\"elementor-container elementor-column-gap-no\">\n\t\t\t\t\t<div class=\"elementor-column elementor-col-50 elementor-top-column elementor-element elementor-element-daa4b85\" data-id=\"daa4b85\" data-element_type=\"column\" data-e-type=\"column\">\n\t\t\t<div class=\"elementor-widget-wrap elementor-element-populated\">\n\t\t\t\t\t\t<div class=\"elementor-element elementor-element-dd5e915 elementor-widget elementor-widget-image\" data-id=\"dd5e915\" data-element_type=\"widget\" data-e-type=\"widget\" data-widget_type=\"image.default\">\n\t\t\t\t<div class=\"elementor-widget-container\">\n\t\t\t\t\t\t\t\t\t\t\t\t\t\t\t<img fetchpriority=\"high\" decoding=\"async\" width=\"2560\" height=\"1920\" src=\"https:\/\/blog.hascorburkina.com\/wp-content\/uploads\/2023\/03\/arton120305-scaled.jpg\" class=\"attachment-full size-full wp-image-2786\" alt=\"\" srcset=\"https:\/\/blog.hascorburkina.com\/wp-content\/uploads\/2023\/03\/arton120305-scaled.jpg 2560w, https:\/\/blog.hascorburkina.com\/wp-content\/uploads\/2023\/03\/arton120305-scaled-600x450.jpg 600w, https:\/\/blog.hascorburkina.com\/wp-content\/uploads\/2023\/03\/arton120305-300x225.jpg 300w, https:\/\/blog.hascorburkina.com\/wp-content\/uploads\/2023\/03\/arton120305-1024x768.jpg 1024w, https:\/\/blog.hascorburkina.com\/wp-content\/uploads\/2023\/03\/arton120305-768x576.jpg 768w, https:\/\/blog.hascorburkina.com\/wp-content\/uploads\/2023\/03\/arton120305-1536x1152.jpg 1536w, https:\/\/blog.hascorburkina.com\/wp-content\/uploads\/2023\/03\/arton120305-2048x1536.jpg 2048w\" sizes=\"(max-width: 2560px) 100vw, 2560px\" \/>\t\t\t\t\t\t\t\t\t\t\t\t\t\t\t<\/div>\n\t\t\t\t<\/div>\n\t\t\t\t\t<\/div>\n\t\t<\/div>\n\t\t\t\t<div class=\"elementor-column elementor-col-50 elementor-top-column elementor-element elementor-element-9a5ec13\" data-id=\"9a5ec13\" data-element_type=\"column\" data-e-type=\"column\">\n\t\t\t<div class=\"elementor-widget-wrap elementor-element-populated\">\n\t\t\t\t\t\t<div class=\"elementor-element elementor-element-135f60a elementor-widget elementor-widget-text-editor\" data-id=\"135f60a\" data-element_type=\"widget\" data-e-type=\"widget\" data-widget_type=\"text-editor.default\">\n\t\t\t\t<div class=\"elementor-widget-container\">\n\t\t\t\t\t\t\t\t\t<p><strong>Le ministre du d\u00e9veloppement industriel, du commerce, de l\u2019artisanat et des petites et moyennes entreprises, Serge Poda, a effectu\u00e9 le samedi 18 mars 2023, une visite au complexe industriel d\u2019\u00e9grenage Bobo III de la Soci\u00e9t\u00e9 des fibres et textiles (SOFITEX) \u00e0 Bobo-Dioulasso.<\/strong><\/p><div class=\"article_content\"><p>Cette visite s\u2019inscrit dans le cadre de sa tourn\u00e9e de rencontre avec les acteurs de la cha\u00eene de valeur du coton \u00e0 Bobo-Dioulasso. Apr\u00e8s un accueil des agents du complexe industriel d\u2019\u00e9grenage Bobo III de la SOFITEX, une pr\u00e9sentation du plan du complexe a \u00e9t\u00e9 faite au ministre.<br class=\"autobr\" \/>Serge Poda a par ailleurs visit\u00e9 le laboratoire de contr\u00f4le qualit\u00e9 et certification des semences, l\u2019infrastructure industrielle d\u2019\u00e9grenage de coton, le stockage de coton et le service classement.<\/p><\/div>\t\t\t\t\t\t\t\t<\/div>\n\t\t\t\t<\/div>\n\t\t\t\t\t<\/div>\n\t\t<\/div>\n\t\t\t\t\t<\/div>\n\t\t<\/section>\n\t\t\t\t<section class=\"elementor-section elementor-top-section elementor-element elementor-element-eb07dc1 elementor-section-boxed elementor-section-height-default elementor-section-height-default\" data-id=\"eb07dc1\" data-element_type=\"section\" data-e-type=\"section\">\n\t\t\t\t\t\t<div class=\"elementor-container elementor-column-gap-default\">\n\t\t\t\t\t<div class=\"elementor-column elementor-col-100 elementor-top-column elementor-element elementor-element-a016d3d\" data-id=\"a016d3d\" data-element_type=\"column\" data-e-type=\"column\">\n\t\t\t<div class=\"elementor-widget-wrap elementor-element-populated\">\n\t\t\t\t\t\t<div class=\"elementor-element elementor-element-5d64dc2 elementor-widget elementor-widget-text-editor\" data-id=\"5d64dc2\" data-element_type=\"widget\" data-e-type=\"widget\" data-widget_type=\"text-editor.default\">\n\t\t\t\t<div class=\"elementor-widget-container\">\n\t\t\t\t\t\t\t\t\t<p>Selon le ministre en charge du d\u00e9veloppement industriel, c\u2019est une grande satisfaction et une grande fiert\u00e9 apr\u00e8s ce tour fait dans ce complexe industriel d\u2019\u00e9grenage de coton Bobo III de la SOFITEX. Il a de ce fait f\u00e9licit\u00e9 l\u2019ensemble du personnel pour le travail abattu.<\/p><p>Il indique en ce sens que \u00ab\u00a0le laboratoire de s\u00e9lection et de certification est une premi\u00e8re \u00e9tape n\u00e9cessaire et importante pour avoir une production \u00e0 rendement \u00e9lev\u00e9 et l\u2019usine Bobo III qui est la plus grande fabrique d\u2019\u00e9grenage de coton de notre pays et l\u2019un des plus grands complexes dans la sous-r\u00e9gion dot\u00e9 de machines \u00e0 la pointe de la technologie qui nous r\u00e9confortent et nous rendent encore plus fier car ce mat\u00e9riel \u00e0 la disposition de la SOFITEX lui permet de jouer pleinement son r\u00f4le de leader dans le secteur cotonnier de notre sous-r\u00e9gion\u00a0\u00bb.<\/p><p>Le ministre ajoute que \u00ab\u00a0le laboratoire de technologie et de coton qui est un laboratoire certifi\u00e9 et unique en Afrique, est l\u2019un des meilleurs au monde comme quoi le Burkina Faso n\u2019est pas leader par hasard en la mati\u00e8re. Donc f\u00e9licitations \u00e0 tout le personnel de la SOFITEX pour cet investissement qui a \u00e9t\u00e9 fait, et encouragements \u00e0 continuer dans ce sens et \u00e0 maintenir ce r\u00f4le de leader pour le bonheur des populations de notre pays, bravo \u00e0 tout le monde\u00a0\u00bb.<\/p><p>Serge Poda affirme \u00e9galement son optimisme quant \u00e0 la r\u00e9cup\u00e9ration de la place d\u2019antan de la SOFITEX en tant que premier producteur de coton dans la sous-r\u00e9gion en ce sens que tous les \u00e9l\u00e9ments sont r\u00e9unis.<\/p><p>Et d\u2019ailleurs dit-il, \u00ab\u00a0cette place ne fait que se confirmer car la SOFITEX est leader pour beaucoup d\u2019infrastructures. Il n\u2019y a plus qu\u2019\u00e0 travailler d\u2019arrache-pied \u00e0 ce que les semences que nous pourrons mettre \u00e0 la disposition de nos producteurs soient des semences de qualit\u00e9 qui puissent permettre d\u2019avoir des rendements \u00e9lev\u00e9s. Il y a aussi \u00e0 travailler pour que les superficies \u00e0 emblaver puissent \u00eatre augment\u00e9es pour nous permettre d\u2019avoir beaucoup de tonnes en termes de coton graine et permettre \u00e0 la soci\u00e9t\u00e9 d\u2019engranger davantage de rang au plan africain et m\u00eame mondial. Donc \u00e0 ce niveau je repars confiant au vu du travail qui est abattu ici et au vu des responsables qui ont une vision de leadership. Je les encourage \u00e0 aller de l\u2019avant\u00a0\u00bb.<br class=\"autobr\" \/>Selon le directeur g\u00e9n\u00e9ral de la SOFITEX, Boubacar Sidiki Babil\u00e9 Seye, cette visite du ministre du d\u00e9veloppement industriel, leur ministre de tutelle, a toute son importance.<\/p>\t\t\t\t\t\t\t\t<\/div>\n\t\t\t\t<\/div>\n\t\t\t\t\t<\/div>\n\t\t<\/div>\n\t\t\t\t\t<\/div>\n\t\t<\/section>\n\t\t\t\t<\/div>\n\t\t","protected":false},"excerpt":{"rendered":"<p>Fili\u00e8re coton : Le ministre du d\u00e9veloppement industriel satisfait du travail de qualit\u00e9 du complexe industriel d\u2019\u00e9grenage Bobo III de la SOFITEX Le ministre du d\u00e9veloppement industriel, du commerce, de l\u2019artisanat et des petites et moyennes entreprises, Serge Poda, a effectu\u00e9 le samedi 18 mars 2023, une visite au complexe industriel d\u2019\u00e9grenage Bobo III de [&hellip;]<\/p>\n","protected":false},"author":2,"featured_media":0,"parent":0,"menu_order":0,"comment_status":"closed","ping_status":"closed","template":"","meta":{"site-sidebar-layout":"no-sidebar","site-content-layout":"page-builder","ast-site-content-layout":"default","site-content-style":"default","site-sidebar-style":"default","ast-global-header-display":"","ast-banner-title-visibility":"","ast-main-header-display":"","ast-hfb-above-header-display":"","ast-hfb-below-header-display":"","ast-hfb-mobile-header-display":"","site-post-title":"disabled","ast-breadcrumbs-content":"","ast-featured-img":"disabled","footer-sml-layout":"","theme-transparent-header-meta":"","adv-header-id-meta":"","stick-header-meta":"","header-above-stick-meta":"","header-main-stick-meta":"","header-below-stick-meta":"","astra-migrate-meta-layouts":"default","ast-page-background-enabled":"default","ast-page-background-meta":{"desktop":{"background-color":"","background-image":"","background-repeat":"repeat","background-position":"center center","background-size":"auto","background-attachment":"scroll","background-type":"","background-media":"","overlay-type":"","overlay-color":"","overlay-opacity":"","overlay-gradient":""},"tablet":{"background-color":"","background-image":"","background-repeat":"repeat","background-position":"center center","background-size":"auto","background-attachment":"scroll","background-type":"","background-media":"","overlay-type":"","overlay-color":"","overlay-opacity":"","overlay-gradient":""},"mobile":{"background-color":"","background-image":"","background-repeat":"repeat","background-position":"center center","background-size":"auto","background-attachment":"scroll","background-type":"","background-media":"","overlay-type":"","overlay-color":"","overlay-opacity":"","overlay-gradient":""}},"ast-content-background-meta":{"desktop":{"background-color":"var(--ast-global-color-5)","background-image":"","background-repeat":"repeat","background-position":"center center","background-size":"auto","background-attachment":"scroll","background-type":"","background-media":"","overlay-type":"","overlay-color":"","overlay-opacity":"","overlay-gradient":""},"tablet":{"background-color":"var(--ast-global-color-5)","background-image":"","background-repeat":"repeat","background-position":"center center","background-size":"auto","background-attachment":"scroll","background-type":"","background-media":"","overlay-type":"","overlay-color":"","overlay-opacity":"","overlay-gradient":""},"mobile":{"background-color":"var(--ast-global-color-5)","background-image":"","background-repeat":"repeat","background-position":"center center","background-size":"auto","background-attachment":"scroll","background-type":"","background-media":"","overlay-type":"","overlay-color":"","overlay-opacity":"","overlay-gradient":""}},"footnotes":""},"class_list":["post-2788","page","type-page","status-publish","hentry"],"jetpack_sharing_enabled":true,"rttpg_featured_image_url":null,"rttpg_author":{"display_name":"Hascor Burkina","author_link":"https:\/\/blog.hascorburkina.com\/index.php\/author\/hascorblog\/"},"rttpg_comment":0,"rttpg_category":null,"rttpg_excerpt":"Fili\u00e8re coton : Le ministre du d\u00e9veloppement industriel satisfait du travail de qualit\u00e9 du complexe industriel d\u2019\u00e9grenage Bobo III de la SOFITEX Le ministre du d\u00e9veloppement industriel, du commerce, de l\u2019artisanat et des petites et moyennes entreprises, Serge Poda, a effectu\u00e9 le samedi 18 mars 2023, une visite au complexe industriel d\u2019\u00e9grenage Bobo III de\u2026","_links":{"self":[{"href":"https:\/\/blog.hascorburkina.com\/index.php\/wp-json\/wp\/v2\/pages\/2788","targetHints":{"allow":["GET"]}}],"collection":[{"href":"https:\/\/blog.hascorburkina.com\/index.php\/wp-json\/wp\/v2\/pages"}],"about":[{"href":"https:\/\/blog.hascorburkina.com\/index.php\/wp-json\/wp\/v2\/types\/page"}],"author":[{"embeddable":true,"href":"https:\/\/blog.hascorburkina.com\/index.php\/wp-json\/wp\/v2\/users\/2"}],"replies":[{"embeddable":true,"href":"https:\/\/blog.hascorburkina.com\/index.php\/wp-json\/wp\/v2\/comments?post=2788"}],"version-history":[{"count":4,"href":"https:\/\/blog.hascorburkina.com\/index.php\/wp-json\/wp\/v2\/pages\/2788\/revisions"}],"predecessor-version":[{"id":2796,"href":"https:\/\/blog.hascorburkina.com\/index.php\/wp-json\/wp\/v2\/pages\/2788\/revisions\/2796"}],"wp:attachment":[{"href":"https:\/\/blog.hascorburkina.com\/index.php\/wp-json\/wp\/v2\/media?parent=2788"}],"curies":[{"name":"wp","href":"https:\/\/api.w.org\/{rel}","templated":true}]}}