{"id":2621,"date":"2023-03-20T12:20:41","date_gmt":"2023-03-20T12:20:41","guid":{"rendered":"https:\/\/blog.hascorburkina.com\/?page_id=2621"},"modified":"2023-03-20T12:24:11","modified_gmt":"2023-03-20T12:24:11","slug":"article6","status":"publish","type":"page","link":"https:\/\/blog.hascorburkina.com\/index.php\/article6\/","title":{"rendered":"article6"},"content":{"rendered":"\t\t<div data-elementor-type=\"wp-page\" data-elementor-id=\"2621\" class=\"elementor elementor-2621\">\n\t\t\t\t\t\t<section class=\"elementor-section elementor-top-section elementor-element elementor-element-51cd942 elementor-section-boxed elementor-section-height-default elementor-section-height-default\" data-id=\"51cd942\" data-element_type=\"section\" data-e-type=\"section\">\n\t\t\t\t\t\t<div class=\"elementor-container elementor-column-gap-default\">\n\t\t\t\t\t<div class=\"elementor-column elementor-col-100 elementor-top-column elementor-element elementor-element-a829c64\" data-id=\"a829c64\" data-element_type=\"column\" data-e-type=\"column\">\n\t\t\t<div class=\"elementor-widget-wrap elementor-element-populated\">\n\t\t\t\t\t\t<div class=\"elementor-element elementor-element-a67808b elementor-widget elementor-widget-heading\" data-id=\"a67808b\" data-element_type=\"widget\" data-e-type=\"widget\" data-widget_type=\"heading.default\">\n\t\t\t\t<div class=\"elementor-widget-container\">\n\t\t\t\t\t<h2 class=\"elementor-heading-title elementor-size-default\"><span style=\"text-transform: capitalize\">COPITOUR-CEDEAO<\/span> : Un plan d\u2019actions 2023 adopt\u00e9 depuis Ouagadougou<\/h2>\t\t\t\t<\/div>\n\t\t\t\t<\/div>\n\t\t\t\t\t<\/div>\n\t\t<\/div>\n\t\t\t\t\t<\/div>\n\t\t<\/section>\n\t\t\t\t<section class=\"elementor-section elementor-top-section elementor-element elementor-element-30a4672 elementor-section-content-middle elementor-section-boxed elementor-section-height-default elementor-section-height-default\" data-id=\"30a4672\" data-element_type=\"section\" data-e-type=\"section\" data-settings=\"{&quot;background_background&quot;:&quot;classic&quot;}\">\n\t\t\t\t\t\t\t<div class=\"elementor-background-overlay\"><\/div>\n\t\t\t\t\t\t\t<div class=\"elementor-container elementor-column-gap-no\">\n\t\t\t\t\t<div class=\"elementor-column elementor-col-50 elementor-top-column elementor-element elementor-element-65f1c8a\" data-id=\"65f1c8a\" data-element_type=\"column\" data-e-type=\"column\">\n\t\t\t<div class=\"elementor-widget-wrap elementor-element-populated\">\n\t\t\t\t\t\t<div class=\"elementor-element elementor-element-6fbffa7 elementor-widget elementor-widget-image\" data-id=\"6fbffa7\" data-element_type=\"widget\" data-e-type=\"widget\" data-widget_type=\"image.default\">\n\t\t\t\t<div class=\"elementor-widget-container\">\n\t\t\t\t\t\t\t\t\t\t\t\t\t\t\t<img fetchpriority=\"high\" decoding=\"async\" width=\"750\" height=\"336\" src=\"https:\/\/blog.hascorburkina.com\/wp-content\/uploads\/2023\/03\/une-copi-scaled-1.jpg\" class=\"attachment-full size-full wp-image-2613\" alt=\"\" srcset=\"https:\/\/blog.hascorburkina.com\/wp-content\/uploads\/2023\/03\/une-copi-scaled-1.jpg 750w, https:\/\/blog.hascorburkina.com\/wp-content\/uploads\/2023\/03\/une-copi-scaled-1-600x269.jpg 600w, https:\/\/blog.hascorburkina.com\/wp-content\/uploads\/2023\/03\/une-copi-scaled-1-300x134.jpg 300w\" sizes=\"(max-width: 750px) 100vw, 750px\" \/>\t\t\t\t\t\t\t\t\t\t\t\t\t\t\t<\/div>\n\t\t\t\t<\/div>\n\t\t\t\t\t<\/div>\n\t\t<\/div>\n\t\t\t\t<div class=\"elementor-column elementor-col-50 elementor-top-column elementor-element elementor-element-6fca62c\" data-id=\"6fca62c\" data-element_type=\"column\" data-e-type=\"column\">\n\t\t\t<div class=\"elementor-widget-wrap elementor-element-populated\">\n\t\t\t\t\t\t<div class=\"elementor-element elementor-element-afe4d95 elementor-widget elementor-widget-text-editor\" data-id=\"afe4d95\" data-element_type=\"widget\" data-e-type=\"widget\" data-widget_type=\"text-editor.default\">\n\t\t\t\t<div class=\"elementor-widget-container\">\n\t\t\t\t\t\t\t\t\t<p><strong>La 1<sup>\u00e8re<\/sup>\u00a0session du Conseil d\u2019Administration de la Conf\u00e9d\u00e9ration des Organisations Patronales de l\u2019Industrie du Tourisme de l\u2019espace de la Communaut\u00e9 \u00c9conomique des \u00c9tats de l\u2019Afrique de l\u2019Ouest (COPITOUR-CEDEAO) a \u00e9t\u00e9 cl\u00f4tur\u00e9e ce dimanche 19 mars 2023 sur des notes de satisfaction.\u00a0<\/strong><\/p><p>L\u2019adoption d\u2019un plan d\u2019actions 2023 et la d\u00e9signation des membres de l\u2019organe COPITOUR- CEDEAO sont les principaux actes forts de la tenue de cette La 1<sup>\u00e8re<\/sup>\u00a0session du Conseil d\u2019Administration de la Conf\u00e9d\u00e9ration des Organisations Patronales de l\u2019Industrie du Tourisme de l\u2019espace de la Communaut\u00e9 \u00c9conomique des \u00c9tats de l\u2019Afrique de l\u2019Ouest (COPITOUR-CEDEAO).<\/p><p>\u00ab\u00a0<em>Cette session nous a permis de compl\u00e9ter le bureau. Nous avons compl\u00e9t\u00e9 9 commissions sp\u00e9cialis\u00e9es ; nous avons m\u00eame ajout\u00e9 deux autres commissions. Au niveau du plan strat\u00e9gique, nous avons pu l\u2019adopter en 7 points<\/em>\u00a0\u00bb, a fait savoir Pierre C\u00e9lestin Zoungrana, pr\u00e9sident de la COPITOUR-CEDEAO.<\/p>\t\t\t\t\t\t\t\t<\/div>\n\t\t\t\t<\/div>\n\t\t\t\t\t<\/div>\n\t\t<\/div>\n\t\t\t\t\t<\/div>\n\t\t<\/section>\n\t\t\t\t<section class=\"elementor-section elementor-top-section elementor-element elementor-element-8f9c394 elementor-section-boxed elementor-section-height-default elementor-section-height-default\" data-id=\"8f9c394\" data-element_type=\"section\" data-e-type=\"section\">\n\t\t\t\t\t\t<div class=\"elementor-container elementor-column-gap-default\">\n\t\t\t\t\t<div class=\"elementor-column elementor-col-100 elementor-top-column elementor-element elementor-element-aaecd7a\" data-id=\"aaecd7a\" data-element_type=\"column\" data-e-type=\"column\">\n\t\t\t<div class=\"elementor-widget-wrap elementor-element-populated\">\n\t\t\t\t\t\t<div class=\"elementor-element elementor-element-e1ce638 elementor-widget elementor-widget-text-editor\" data-id=\"e1ce638\" data-element_type=\"widget\" data-e-type=\"widget\" data-widget_type=\"text-editor.default\">\n\t\t\t\t<div class=\"elementor-widget-container\">\n\t\t\t\t\t\t\t\t\t<p>D\u2019un constat g\u00e9n\u00e9ral des acteurs, l\u2019activit\u00e9 touristique est en berne avec l\u2019incursion du Covid-19. Mais \u00e0 l\u2019issue du conseil, des orientations et des actions envisag\u00e9es suscitent l\u2019espoir de relancer le secteur. \u00ab\u00a0<em>Il ressort clairement un engagement r\u00e9solu de ces acteurs \u00e0 travers le plan d\u2019actions 2023 de travailler de sorte \u00e0 inverser la tendance.\u00a0<\/em><\/p><p><em>C\u2019est pourquoi nous fondons l\u2019espoir que cet engagement soit poursuivi dans les diff\u00e9rents Etats membres, que chaque pays membre de COPITOUR s\u2019approprie ces travaux et travaillent r\u00e9solument afin de relancer le secteur touristique qui contribue \u00e9norm\u00e9ment \u00e0 notre \u00e9conomie<\/em>\u00a0\u00bb, a souhait\u00e9 Galip Som\u00e9, repr\u00e9sentant Jean Emmanuel Ou\u00e9draogo, Ministre burkinab\u00e8 de la Communication, de la Culture, des arts et du Tourisme.<\/p><p>Egalement le conseil a d\u00e9cid\u00e9 en axe majeur, de la mise en place des bureaux dans les pays membres de la COPITOUR-CEDEAO pour plus d\u2019efficacit\u00e9. A entendre Pierre C\u00e9lestin Zoungrana, les objectifs fix\u00e9s sont \u00e0 la port\u00e9e de l\u2019organisation.<\/p><p>En rappel, la premi\u00e8re\u00a0<a href=\"https:\/\/burkina24.com\/2023\/03\/18\/ouagadougou-jeter-les-bases-dune-veritable-relance-des-activites-touristiques-dans-lespace-cedeao\/\">session du Conseil d\u2019administration<\/a>\u00a0de la Conf\u00e9d\u00e9ration des Professionnels du Tourisme du secteur priv\u00e9 de l\u2019industrie touristique (COPITOUR) s\u2019est tenue les 18 et 19 mars 2023 \u00e0 Ouagadougou au Burkina Faso avec la pr\u00e9sence de 12 pays membres, autour des pr\u00e9occupations en lien avec la relance du secteur du tourisme.<\/p>\t\t\t\t\t\t\t\t<\/div>\n\t\t\t\t<\/div>\n\t\t\t\t\t<\/div>\n\t\t<\/div>\n\t\t\t\t\t<\/div>\n\t\t<\/section>\n\t\t\t\t<\/div>\n\t\t","protected":false},"excerpt":{"rendered":"<p>COPITOUR-CEDEAO : Un plan d\u2019actions 2023 adopt\u00e9 depuis Ouagadougou La 1\u00e8re\u00a0session du Conseil d\u2019Administration de la Conf\u00e9d\u00e9ration des Organisations Patronales de l\u2019Industrie du Tourisme de l\u2019espace de la Communaut\u00e9 \u00c9conomique des \u00c9tats de l\u2019Afrique de l\u2019Ouest (COPITOUR-CEDEAO) a \u00e9t\u00e9 cl\u00f4tur\u00e9e ce dimanche 19 mars 2023 sur des notes de satisfaction.\u00a0 L\u2019adoption d\u2019un plan d\u2019actions 2023 [&hellip;]<\/p>\n","protected":false},"author":2,"featured_media":0,"parent":0,"menu_order":0,"comment_status":"closed","ping_status":"closed","template":"","meta":{"site-sidebar-layout":"no-sidebar","site-content-layout":"page-builder","ast-site-content-layout":"default","site-content-style":"default","site-sidebar-style":"default","ast-global-header-display":"","ast-banner-title-visibility":"","ast-main-header-display":"","ast-hfb-above-header-display":"","ast-hfb-below-header-display":"","ast-hfb-mobile-header-display":"","site-post-title":"disabled","ast-breadcrumbs-content":"","ast-featured-img":"disabled","footer-sml-layout":"","theme-transparent-header-meta":"","adv-header-id-meta":"","stick-header-meta":"","header-above-stick-meta":"","header-main-stick-meta":"","header-below-stick-meta":"","astra-migrate-meta-layouts":"default","ast-page-background-enabled":"default","ast-page-background-meta":{"desktop":{"background-color":"","background-image":"","background-repeat":"repeat","background-position":"center center","background-size":"auto","background-attachment":"scroll","background-type":"","background-media":"","overlay-type":"","overlay-color":"","overlay-opacity":"","overlay-gradient":""},"tablet":{"background-color":"","background-image":"","background-repeat":"repeat","background-position":"center center","background-size":"auto","background-attachment":"scroll","background-type":"","background-media":"","overlay-type":"","overlay-color":"","overlay-opacity":"","overlay-gradient":""},"mobile":{"background-color":"","background-image":"","background-repeat":"repeat","background-position":"center center","background-size":"auto","background-attachment":"scroll","background-type":"","background-media":"","overlay-type":"","overlay-color":"","overlay-opacity":"","overlay-gradient":""}},"ast-content-background-meta":{"desktop":{"background-color":"var(--ast-global-color-5)","background-image":"","background-repeat":"repeat","background-position":"center center","background-size":"auto","background-attachment":"scroll","background-type":"","background-media":"","overlay-type":"","overlay-color":"","overlay-opacity":"","overlay-gradient":""},"tablet":{"background-color":"var(--ast-global-color-5)","background-image":"","background-repeat":"repeat","background-position":"center center","background-size":"auto","background-attachment":"scroll","background-type":"","background-media":"","overlay-type":"","overlay-color":"","overlay-opacity":"","overlay-gradient":""},"mobile":{"background-color":"var(--ast-global-color-5)","background-image":"","background-repeat":"repeat","background-position":"center center","background-size":"auto","background-attachment":"scroll","background-type":"","background-media":"","overlay-type":"","overlay-color":"","overlay-opacity":"","overlay-gradient":""}},"footnotes":""},"class_list":["post-2621","page","type-page","status-publish","hentry"],"jetpack_sharing_enabled":true,"rttpg_featured_image_url":null,"rttpg_author":{"display_name":"Hascor Burkina","author_link":"https:\/\/blog.hascorburkina.com\/index.php\/author\/hascorblog\/"},"rttpg_comment":0,"rttpg_category":null,"rttpg_excerpt":"COPITOUR-CEDEAO : Un plan d\u2019actions 2023 adopt\u00e9 depuis Ouagadougou La 1\u00e8re\u00a0session du Conseil d\u2019Administration de la Conf\u00e9d\u00e9ration des Organisations Patronales de l\u2019Industrie du Tourisme de l\u2019espace de la Communaut\u00e9 \u00c9conomique des \u00c9tats de l\u2019Afrique de l\u2019Ouest (COPITOUR-CEDEAO) a \u00e9t\u00e9 cl\u00f4tur\u00e9e ce dimanche 19 mars 2023 sur des notes de satisfaction.\u00a0 L\u2019adoption d\u2019un plan d\u2019actions 2023\u2026","_links":{"self":[{"href":"https:\/\/blog.hascorburkina.com\/index.php\/wp-json\/wp\/v2\/pages\/2621","targetHints":{"allow":["GET"]}}],"collection":[{"href":"https:\/\/blog.hascorburkina.com\/index.php\/wp-json\/wp\/v2\/pages"}],"about":[{"href":"https:\/\/blog.hascorburkina.com\/index.php\/wp-json\/wp\/v2\/types\/page"}],"author":[{"embeddable":true,"href":"https:\/\/blog.hascorburkina.com\/index.php\/wp-json\/wp\/v2\/users\/2"}],"replies":[{"embeddable":true,"href":"https:\/\/blog.hascorburkina.com\/index.php\/wp-json\/wp\/v2\/comments?post=2621"}],"version-history":[{"count":4,"href":"https:\/\/blog.hascorburkina.com\/index.php\/wp-json\/wp\/v2\/pages\/2621\/revisions"}],"predecessor-version":[{"id":2626,"href":"https:\/\/blog.hascorburkina.com\/index.php\/wp-json\/wp\/v2\/pages\/2621\/revisions\/2626"}],"wp:attachment":[{"href":"https:\/\/blog.hascorburkina.com\/index.php\/wp-json\/wp\/v2\/media?parent=2621"}],"curies":[{"name":"wp","href":"https:\/\/api.w.org\/{rel}","templated":true}]}}