{"id":2602,"date":"2023-03-20T11:55:07","date_gmt":"2023-03-20T11:55:07","guid":{"rendered":"https:\/\/blog.hascorburkina.com\/?page_id=2602"},"modified":"2023-03-20T12:04:46","modified_gmt":"2023-03-20T12:04:46","slug":"article5","status":"publish","type":"page","link":"https:\/\/blog.hascorburkina.com\/index.php\/article5\/","title":{"rendered":"article5"},"content":{"rendered":"\t\t<div data-elementor-type=\"wp-page\" data-elementor-id=\"2602\" class=\"elementor elementor-2602\">\n\t\t\t\t\t\t<section class=\"elementor-section elementor-top-section elementor-element elementor-element-d4125dc elementor-section-boxed elementor-section-height-default elementor-section-height-default\" data-id=\"d4125dc\" data-element_type=\"section\" data-e-type=\"section\">\n\t\t\t\t\t\t<div class=\"elementor-container elementor-column-gap-default\">\n\t\t\t\t\t<div class=\"elementor-column elementor-col-100 elementor-top-column elementor-element elementor-element-2c703b6\" data-id=\"2c703b6\" data-element_type=\"column\" data-e-type=\"column\">\n\t\t\t<div class=\"elementor-widget-wrap elementor-element-populated\">\n\t\t\t\t\t\t<div class=\"elementor-element elementor-element-19a8edc elementor-widget elementor-widget-heading\" data-id=\"19a8edc\" data-element_type=\"widget\" data-e-type=\"widget\" data-widget_type=\"heading.default\">\n\t\t\t\t<div class=\"elementor-widget-container\">\n\t\t\t\t\t<h2 class=\"elementor-heading-title elementor-size-default\"><span style=\"text-transform: capitalize\">Bobo-Dioulasso<\/span> : Le ministre des Infrastructures salue la qualit\u00e9 des chantiers<\/h2>\t\t\t\t<\/div>\n\t\t\t\t<\/div>\n\t\t\t\t\t<\/div>\n\t\t<\/div>\n\t\t\t\t\t<\/div>\n\t\t<\/section>\n\t\t\t\t<section class=\"elementor-section elementor-top-section elementor-element elementor-element-7533f00 elementor-section-content-middle elementor-section-boxed elementor-section-height-default elementor-section-height-default\" data-id=\"7533f00\" data-element_type=\"section\" data-e-type=\"section\" data-settings=\"{&quot;background_background&quot;:&quot;classic&quot;}\">\n\t\t\t\t\t\t\t<div class=\"elementor-background-overlay\"><\/div>\n\t\t\t\t\t\t\t<div class=\"elementor-container elementor-column-gap-no\">\n\t\t\t\t\t<div class=\"elementor-column elementor-col-50 elementor-top-column elementor-element elementor-element-fbb9f9c\" data-id=\"fbb9f9c\" data-element_type=\"column\" data-e-type=\"column\">\n\t\t\t<div class=\"elementor-widget-wrap elementor-element-populated\">\n\t\t\t\t\t\t<div class=\"elementor-element elementor-element-90a7bc3 elementor-widget elementor-widget-image\" data-id=\"90a7bc3\" data-element_type=\"widget\" data-e-type=\"widget\" data-widget_type=\"image.default\">\n\t\t\t\t<div class=\"elementor-widget-container\">\n\t\t\t\t\t\t\t\t\t\t\t\t\t\t\t<img fetchpriority=\"high\" decoding=\"async\" width=\"1000\" height=\"748\" src=\"https:\/\/blog.hascorburkina.com\/wp-content\/uploads\/2023\/03\/arton120254.jpg\" class=\"attachment-full size-full wp-image-2601\" alt=\"\" srcset=\"https:\/\/blog.hascorburkina.com\/wp-content\/uploads\/2023\/03\/arton120254.jpg 1000w, https:\/\/blog.hascorburkina.com\/wp-content\/uploads\/2023\/03\/arton120254-600x449.jpg 600w, https:\/\/blog.hascorburkina.com\/wp-content\/uploads\/2023\/03\/arton120254-300x224.jpg 300w, https:\/\/blog.hascorburkina.com\/wp-content\/uploads\/2023\/03\/arton120254-768x574.jpg 768w\" sizes=\"(max-width: 1000px) 100vw, 1000px\" \/>\t\t\t\t\t\t\t\t\t\t\t\t\t\t\t<\/div>\n\t\t\t\t<\/div>\n\t\t\t\t\t<\/div>\n\t\t<\/div>\n\t\t\t\t<div class=\"elementor-column elementor-col-50 elementor-top-column elementor-element elementor-element-7279f03\" data-id=\"7279f03\" data-element_type=\"column\" data-e-type=\"column\">\n\t\t\t<div class=\"elementor-widget-wrap elementor-element-populated\">\n\t\t\t\t\t\t<div class=\"elementor-element elementor-element-8a252ed elementor-widget elementor-widget-text-editor\" data-id=\"8a252ed\" data-element_type=\"widget\" data-e-type=\"widget\" data-widget_type=\"text-editor.default\">\n\t\t\t\t<div class=\"elementor-widget-container\">\n\t\t\t\t\t\t\t\t\t<p><strong>Le ministre des Infrastructures et du D\u00e9senclavement, Adama Luc Sorgho, a poursuivi sa visite de chantiers le samedi 18 mars 2023 \u00e0 Bobo-Dioulasso. Il a mis \u00e0 profit cette sortie de terrain pour visiter des infrastructures telles que les travaux d\u2019extension du port sec de Bobo, le poste de p\u00e9age moderne de Kot\u00e9dougou, les carri\u00e8res de Koro et de Borodougou, ainsi que des voies d\u2019acc\u00e8s \u00e0 l\u2019int\u00e9rieur de la ville de Sya.<\/strong><\/p><div class=\"article_content\"><p>Apr\u00e8s la visite, le vendredi 17 mars dernier, des routes nationales N\u00b07 et 8, le ministre des Infrastructures et du D\u00e9senclavement, Adama Luc Sorgho, a poursuivi sa visite de chantiers ce samedi 18 mars 2023. Cette visite lui a permis de s\u2019impr\u00e9gner de l\u2019\u00e9tat d\u2019avancement de certains chantiers dont les travaux d\u2019extension du port sec de Bobo-Dioulasso et le poste de p\u00e9age moderne de Kot\u00e9dougou. Aussi, cette visite a \u00e9t\u00e9 une occasion pour lui de r\u00e9ceptionner officiellement l\u2019avenue Ch\u00e2lons-en-Champagne (voie de la Maison de la culture).<\/p><\/div>\t\t\t\t\t\t\t\t<\/div>\n\t\t\t\t<\/div>\n\t\t\t\t\t<\/div>\n\t\t<\/div>\n\t\t\t\t\t<\/div>\n\t\t<\/section>\n\t\t\t\t<section class=\"elementor-section elementor-top-section elementor-element elementor-element-66b2b98 elementor-section-boxed elementor-section-height-default elementor-section-height-default\" data-id=\"66b2b98\" data-element_type=\"section\" data-e-type=\"section\">\n\t\t\t\t\t\t<div class=\"elementor-container elementor-column-gap-default\">\n\t\t\t\t\t<div class=\"elementor-column elementor-col-100 elementor-top-column elementor-element elementor-element-e710de2\" data-id=\"e710de2\" data-element_type=\"column\" data-e-type=\"column\">\n\t\t\t<div class=\"elementor-widget-wrap elementor-element-populated\">\n\t\t\t\t\t\t<div class=\"elementor-element elementor-element-76fa9de elementor-widget elementor-widget-text-editor\" data-id=\"76fa9de\" data-element_type=\"widget\" data-e-type=\"widget\" data-widget_type=\"text-editor.default\">\n\t\t\t\t<div class=\"elementor-widget-container\">\n\t\t\t\t\t\t\t\t\t<p>Apr\u00e8s la visite des infrastructures du port sec, le ministre Sorgho a accompagn\u00e9 son coll\u00e8gue du Commerce pour visiter la Filature du Sahel (FILSAH), une usine de fabrication de fil de coton \u00e0 100% et de toile d\u2019emballage en d\u00e9chets de coton.<\/p><p>De l\u00e0, le cap est mis sur le chantier du poste de p\u00e9age moderne de Kot\u00e9dougou. Ce projet d\u2019envergure est une initiative du gouvernement burkinab\u00e8. Ce projet vise \u00e0 am\u00e9liorer la mobilisation des recettes de p\u00e9age, afin d\u2019assurer le financement de l\u2019entretien routier et de r\u00e9duire le temps d\u2019attente des usagers de la route aux postes de p\u00e9age. Il vise \u00e9galement \u00e0 am\u00e9liorer le syst\u00e8me de contr\u00f4le des p\u00e9ages, \u00e0 automatiser le comptage du trafic routier national et \u00e0 contribuer \u00e0 l\u2019am\u00e9lioration de la surveillance du territoire national avec la mise en place d\u2019un syst\u00e8me de vid\u00e9o-surveillance de derni\u00e8re g\u00e9n\u00e9ration.<\/p>\t\t\t\t\t\t\t\t<\/div>\n\t\t\t\t<\/div>\n\t\t\t\t<div class=\"elementor-element elementor-element-00406f1 elementor-widget elementor-widget-image\" data-id=\"00406f1\" data-element_type=\"widget\" data-e-type=\"widget\" data-widget_type=\"image.default\">\n\t\t\t\t<div class=\"elementor-widget-container\">\n\t\t\t\t\t\t\t\t\t\t\t\t\t\t\t<img decoding=\"async\" width=\"600\" height=\"449\" src=\"https:\/\/blog.hascorburkina.com\/wp-content\/uploads\/2023\/03\/ab3-555-e65cf.jpg\" class=\"attachment-large size-large wp-image-2604\" alt=\"\" srcset=\"https:\/\/blog.hascorburkina.com\/wp-content\/uploads\/2023\/03\/ab3-555-e65cf.jpg 600w, https:\/\/blog.hascorburkina.com\/wp-content\/uploads\/2023\/03\/ab3-555-e65cf-300x225.jpg 300w\" sizes=\"(max-width: 600px) 100vw, 600px\" \/>\t\t\t\t\t\t\t\t\t\t\t\t\t\t\t<\/div>\n\t\t\t\t<\/div>\n\t\t\t\t\t<\/div>\n\t\t<\/div>\n\t\t\t\t\t<\/div>\n\t\t<\/section>\n\t\t\t\t<\/div>\n\t\t","protected":false},"excerpt":{"rendered":"<p>Bobo-Dioulasso : Le ministre des Infrastructures salue la qualit\u00e9 des chantiers Le ministre des Infrastructures et du D\u00e9senclavement, Adama Luc Sorgho, a poursuivi sa visite de chantiers le samedi 18 mars 2023 \u00e0 Bobo-Dioulasso. Il a mis \u00e0 profit cette sortie de terrain pour visiter des infrastructures telles que les travaux d\u2019extension du port sec [&hellip;]<\/p>\n","protected":false},"author":2,"featured_media":0,"parent":0,"menu_order":0,"comment_status":"closed","ping_status":"closed","template":"","meta":{"site-sidebar-layout":"no-sidebar","site-content-layout":"page-builder","ast-site-content-layout":"default","site-content-style":"default","site-sidebar-style":"default","ast-global-header-display":"","ast-banner-title-visibility":"","ast-main-header-display":"","ast-hfb-above-header-display":"","ast-hfb-below-header-display":"","ast-hfb-mobile-header-display":"","site-post-title":"disabled","ast-breadcrumbs-content":"","ast-featured-img":"disabled","footer-sml-layout":"","theme-transparent-header-meta":"","adv-header-id-meta":"","stick-header-meta":"","header-above-stick-meta":"","header-main-stick-meta":"","header-below-stick-meta":"","astra-migrate-meta-layouts":"default","ast-page-background-enabled":"default","ast-page-background-meta":{"desktop":{"background-color":"","background-image":"","background-repeat":"repeat","background-position":"center center","background-size":"auto","background-attachment":"scroll","background-type":"","background-media":"","overlay-type":"","overlay-color":"","overlay-opacity":"","overlay-gradient":""},"tablet":{"background-color":"","background-image":"","background-repeat":"repeat","background-position":"center center","background-size":"auto","background-attachment":"scroll","background-type":"","background-media":"","overlay-type":"","overlay-color":"","overlay-opacity":"","overlay-gradient":""},"mobile":{"background-color":"","background-image":"","background-repeat":"repeat","background-position":"center center","background-size":"auto","background-attachment":"scroll","background-type":"","background-media":"","overlay-type":"","overlay-color":"","overlay-opacity":"","overlay-gradient":""}},"ast-content-background-meta":{"desktop":{"background-color":"var(--ast-global-color-5)","background-image":"","background-repeat":"repeat","background-position":"center center","background-size":"auto","background-attachment":"scroll","background-type":"","background-media":"","overlay-type":"","overlay-color":"","overlay-opacity":"","overlay-gradient":""},"tablet":{"background-color":"var(--ast-global-color-5)","background-image":"","background-repeat":"repeat","background-position":"center center","background-size":"auto","background-attachment":"scroll","background-type":"","background-media":"","overlay-type":"","overlay-color":"","overlay-opacity":"","overlay-gradient":""},"mobile":{"background-color":"var(--ast-global-color-5)","background-image":"","background-repeat":"repeat","background-position":"center center","background-size":"auto","background-attachment":"scroll","background-type":"","background-media":"","overlay-type":"","overlay-color":"","overlay-opacity":"","overlay-gradient":""}},"footnotes":""},"class_list":["post-2602","page","type-page","status-publish","hentry"],"jetpack_sharing_enabled":true,"rttpg_featured_image_url":null,"rttpg_author":{"display_name":"Hascor Burkina","author_link":"https:\/\/blog.hascorburkina.com\/index.php\/author\/hascorblog\/"},"rttpg_comment":0,"rttpg_category":null,"rttpg_excerpt":"Bobo-Dioulasso : Le ministre des Infrastructures salue la qualit\u00e9 des chantiers Le ministre des Infrastructures et du D\u00e9senclavement, Adama Luc Sorgho, a poursuivi sa visite de chantiers le samedi 18 mars 2023 \u00e0 Bobo-Dioulasso. Il a mis \u00e0 profit cette sortie de terrain pour visiter des infrastructures telles que les travaux d\u2019extension du port sec\u2026","_links":{"self":[{"href":"https:\/\/blog.hascorburkina.com\/index.php\/wp-json\/wp\/v2\/pages\/2602","targetHints":{"allow":["GET"]}}],"collection":[{"href":"https:\/\/blog.hascorburkina.com\/index.php\/wp-json\/wp\/v2\/pages"}],"about":[{"href":"https:\/\/blog.hascorburkina.com\/index.php\/wp-json\/wp\/v2\/types\/page"}],"author":[{"embeddable":true,"href":"https:\/\/blog.hascorburkina.com\/index.php\/wp-json\/wp\/v2\/users\/2"}],"replies":[{"embeddable":true,"href":"https:\/\/blog.hascorburkina.com\/index.php\/wp-json\/wp\/v2\/comments?post=2602"}],"version-history":[{"count":4,"href":"https:\/\/blog.hascorburkina.com\/index.php\/wp-json\/wp\/v2\/pages\/2602\/revisions"}],"predecessor-version":[{"id":2608,"href":"https:\/\/blog.hascorburkina.com\/index.php\/wp-json\/wp\/v2\/pages\/2602\/revisions\/2608"}],"wp:attachment":[{"href":"https:\/\/blog.hascorburkina.com\/index.php\/wp-json\/wp\/v2\/media?parent=2602"}],"curies":[{"name":"wp","href":"https:\/\/api.w.org\/{rel}","templated":true}]}}