{"id":2585,"date":"2023-03-20T11:22:51","date_gmt":"2023-03-20T11:22:51","guid":{"rendered":"https:\/\/blog.hascorburkina.com\/?page_id=2585"},"modified":"2023-03-20T12:17:44","modified_gmt":"2023-03-20T12:17:44","slug":"article4","status":"publish","type":"page","link":"https:\/\/blog.hascorburkina.com\/index.php\/article4\/","title":{"rendered":"article4"},"content":{"rendered":"\t\t<div data-elementor-type=\"wp-page\" data-elementor-id=\"2585\" class=\"elementor elementor-2585\">\n\t\t\t\t\t\t<section class=\"elementor-section elementor-top-section elementor-element elementor-element-86738b9 elementor-section-boxed elementor-section-height-default elementor-section-height-default\" data-id=\"86738b9\" data-element_type=\"section\" data-e-type=\"section\">\n\t\t\t\t\t\t<div class=\"elementor-container elementor-column-gap-default\">\n\t\t\t\t\t<div class=\"elementor-column elementor-col-100 elementor-top-column elementor-element elementor-element-89da607\" data-id=\"89da607\" data-element_type=\"column\" data-e-type=\"column\">\n\t\t\t<div class=\"elementor-widget-wrap elementor-element-populated\">\n\t\t\t\t\t\t<div class=\"elementor-element elementor-element-c827cb8 elementor-widget elementor-widget-heading\" data-id=\"c827cb8\" data-element_type=\"widget\" data-e-type=\"widget\" data-widget_type=\"heading.default\">\n\t\t\t\t<div class=\"elementor-widget-container\">\n\t\t\t\t\t<h2 class=\"elementor-heading-title elementor-size-default\"><span style=\"text-transform: capitalize\">Entretien<\/span> routier au Burkina : Le ministre des Infrastructures s\u2019impr\u00e8gne de l\u2019\u00e9tat des routes nationales N\u00b07 et 8<\/h2>\t\t\t\t<\/div>\n\t\t\t\t<\/div>\n\t\t\t\t\t<\/div>\n\t\t<\/div>\n\t\t\t\t\t<\/div>\n\t\t<\/section>\n\t\t\t\t<section class=\"elementor-section elementor-top-section elementor-element elementor-element-cc276f8 elementor-section-content-middle elementor-section-boxed elementor-section-height-default elementor-section-height-default\" data-id=\"cc276f8\" data-element_type=\"section\" data-e-type=\"section\" data-settings=\"{&quot;background_background&quot;:&quot;classic&quot;}\">\n\t\t\t\t\t\t\t<div class=\"elementor-background-overlay\"><\/div>\n\t\t\t\t\t\t\t<div class=\"elementor-container elementor-column-gap-no\">\n\t\t\t\t\t<div class=\"elementor-column elementor-col-50 elementor-top-column elementor-element elementor-element-2a607c4\" data-id=\"2a607c4\" data-element_type=\"column\" data-e-type=\"column\">\n\t\t\t<div class=\"elementor-widget-wrap elementor-element-populated\">\n\t\t\t\t\t\t<div class=\"elementor-element elementor-element-076ea1c elementor-widget elementor-widget-image\" data-id=\"076ea1c\" data-element_type=\"widget\" data-e-type=\"widget\" data-widget_type=\"image.default\">\n\t\t\t\t<div class=\"elementor-widget-container\">\n\t\t\t\t\t\t\t\t\t\t\t\t\t\t\t<img fetchpriority=\"high\" decoding=\"async\" width=\"1000\" height=\"748\" src=\"https:\/\/blog.hascorburkina.com\/wp-content\/uploads\/2023\/03\/arton120229.jpg\" class=\"attachment-full size-full wp-image-2584\" alt=\"\" srcset=\"https:\/\/blog.hascorburkina.com\/wp-content\/uploads\/2023\/03\/arton120229.jpg 1000w, https:\/\/blog.hascorburkina.com\/wp-content\/uploads\/2023\/03\/arton120229-600x449.jpg 600w, https:\/\/blog.hascorburkina.com\/wp-content\/uploads\/2023\/03\/arton120229-300x224.jpg 300w, https:\/\/blog.hascorburkina.com\/wp-content\/uploads\/2023\/03\/arton120229-768x574.jpg 768w\" sizes=\"(max-width: 1000px) 100vw, 1000px\" \/>\t\t\t\t\t\t\t\t\t\t\t\t\t\t\t<\/div>\n\t\t\t\t<\/div>\n\t\t\t\t\t<\/div>\n\t\t<\/div>\n\t\t\t\t<div class=\"elementor-column elementor-col-50 elementor-top-column elementor-element elementor-element-5d7486e\" data-id=\"5d7486e\" data-element_type=\"column\" data-e-type=\"column\">\n\t\t\t<div class=\"elementor-widget-wrap elementor-element-populated\">\n\t\t\t\t\t\t<div class=\"elementor-element elementor-element-5389181 elementor-widget elementor-widget-text-editor\" data-id=\"5389181\" data-element_type=\"widget\" data-e-type=\"widget\" data-widget_type=\"text-editor.default\">\n\t\t\t\t<div class=\"elementor-widget-container\">\n\t\t\t\t\t\t\t\t\t<p>Le ministre en charge des Infrastructures, Adama Luc Sorgho, a visit\u00e9, le vendredi 17 mars 2023, les routes nationales N\u00b07 (Bobo-Banfora) et N\u00b08 (Bobo-Orodara). Une occasion pour lui de s\u2019impr\u00e9gner de l\u2019\u00e9tat de d\u00e9gradation de ces tron\u00e7ons. Il a mis \u00e0 profit cette visite de terrain pour \u00e9changer avec le personnel de la Direction des infrastructures des Cascades.<\/p><div class=\"article_content\"><p>Cette sortie du ministre des Infrastructures et du D\u00e9senclavement, Adama Luc Sorgho, s\u2019inscrit dans le cadre du suivi des travaux d\u2019infrastructures routi\u00e8res. La visite de terrain a concern\u00e9 les routes de Bobo-Orodara et Bobo-Banfora, ainsi que les voiries urbaines dans la ville de Banfora.<\/p><p>Ainsi, sur le tron\u00e7on Bobo-Orodara (route nationale N\u00b08), le ministre a pu constater l\u2019\u00e9tat de d\u00e9gradation avanc\u00e9e de la voie. En effet, emprunter cette route est un v\u00e9ritable calvaire pour les usagers. Cette voie est aujourd\u2019hui impraticable et les populations ne cachent pas leur d\u00e9solation.<\/p><\/div>\t\t\t\t\t\t\t\t<\/div>\n\t\t\t\t<\/div>\n\t\t\t\t\t<\/div>\n\t\t<\/div>\n\t\t\t\t\t<\/div>\n\t\t<\/section>\n\t\t\t\t<section class=\"elementor-section elementor-top-section elementor-element elementor-element-972555f elementor-section-boxed elementor-section-height-default elementor-section-height-default\" data-id=\"972555f\" data-element_type=\"section\" data-e-type=\"section\">\n\t\t\t\t\t\t<div class=\"elementor-container elementor-column-gap-default\">\n\t\t\t\t\t<div class=\"elementor-column elementor-col-100 elementor-top-column elementor-element elementor-element-64c9e21\" data-id=\"64c9e21\" data-element_type=\"column\" data-e-type=\"column\">\n\t\t\t<div class=\"elementor-widget-wrap elementor-element-populated\">\n\t\t\t\t\t\t<div class=\"elementor-element elementor-element-0fef25f elementor-widget elementor-widget-text-editor\" data-id=\"0fef25f\" data-element_type=\"widget\" data-e-type=\"widget\" data-widget_type=\"text-editor.default\">\n\t\t\t\t<div class=\"elementor-widget-container\">\n\t\t\t\t\t\t\t\t\t<p>Long de 130 km, le tron\u00e7on a \u00e9t\u00e9 bitum\u00e9 en 1995 pour une dur\u00e9e de vie de 15 ans. Il relie Bobo-Dioulasso \u00e0 Koloko, vers la fronti\u00e8re malienne. Aujourd\u2019hui, parcourir les 76 km qui s\u00e9parent Bobo-Dioulasso de la ville d\u2019Orodara est un v\u00e9ritable parcours du combattant. Ce qui a amen\u00e9 les autorit\u00e9s du pays \u00e0 se pencher sur la question de sa r\u00e9habilitation. Dans le cadre de la politique de d\u00e9senclavement et de sauvegarde du patrimoine routier, le minist\u00e8re des Infrastructures et du D\u00e9senclavement, avec l\u2019appui financier du Fonds sp\u00e9cial routier du Burkina (FSR-B), entreprend des actions de d\u00e9senclavement interne du pays.<\/p><p>Une partie des ressources est affect\u00e9e \u00e0 la r\u00e9habilitation de routes nationales, dont le tron\u00e7on Bobo-Dioulasso &#8211; Orodara sur une longueur de 76 km. Le co\u00fbt de r\u00e9habilitation de cette voie est estim\u00e9 \u00e0 plus de 12 milliards de francs CFA, avec un d\u00e9lai d\u2019ex\u00e9cution des travaux de 18 mois, hors saison pluvieuse.<\/p><p>Jean-Marie To\u00e9, directeur du cabinet ACIT G\u00e9otechnique, charg\u00e9 du contr\u00f4le, de la surveillance des travaux de r\u00e9habilitation de la RN8, a rappel\u00e9 que c\u2019est l\u2019entreprise Sogedim BTP Sarl\/Sobatrap qui est en charge des travaux. Il a expliqu\u00e9 que les travaux vont consister principalement au recyclage de la couche de base existante de fa\u00e7on partielle, avec le traitement des nids-de-poule, un traitement du reste du tron\u00e7on avec un rev\u00eatement qui sera en b\u00e9ton bitumineux.<\/p><p>Apr\u00e8s la visite d\u2019une partie de ce tron\u00e7on qui a permis au ministre Sorgho de constater de visu son \u00e9tat de d\u00e9gradation, la d\u00e9l\u00e9gation a mis le cap sur la route nationale N\u00b07, qui relie Bobo-Dioulasso \u00e0 Banfora. Il s\u2019est agi \u00e9galement de constater l\u2019\u00e9tat de cette voie qui, selon le ministre, a besoin d\u2019\u00eatre r\u00e9habilit\u00e9e. Adama Luc Sorgho a saisi l\u2019occasion pour visiter \u00e9galement les voiries urbaines de la ville de Banfora.<\/p><p>Au terme de cette visite, le ministre s\u2019est r\u00e9joui d\u2019avoir effectu\u00e9 cette sortie terrain qui lui a permis de s\u2019impr\u00e9gner de l\u2019\u00e9tat de ces diff\u00e9rentes voies. \u00ab\u00a0Sur la route Bobo-Orodara, les travaux ont d\u00e9marr\u00e9 et nous avons constat\u00e9 de visu ce que l\u2019entreprise fait sur le terrain. Nous avons vu qu\u2019ils ont commenc\u00e9 le nettoyage. Avec la mission de contr\u00f4le, nous avons simplement demand\u00e9 de faire la revue de l\u2019\u00e9tude pour nous permettre de voir quelle structure est indiqu\u00e9e pour cette route\u00a0\u00bb, a-t-il laiss\u00e9 entendre.<\/p><p>Avant de poursuivre\u00a0: \u00ab\u00a0Nous avons continu\u00e9 sur la RN7, Bobo-Banfora, o\u00f9 nous avons constat\u00e9 des d\u00e9gradations sur cette route \u00e9galement. Nous sommes en discussions actuellement avec des bailleurs de fonds, notamment la BID [Banque islamique de d\u00e9veloppement], la BAD [Banque africaine de d\u00e9veloppement] et la Banque mondiale qui sont pr\u00eates pour financer la r\u00e9habilitation de ce tron\u00e7on. Nous sommes dans la bonne lanc\u00e9e pour que les travaux d\u00e9butent dans les jours \u00e0 venir\u00a0\u00bb, a rassur\u00e9 le ministre Sorgho.<\/p>\t\t\t\t\t\t\t\t<\/div>\n\t\t\t\t<\/div>\n\t\t\t\t\t<\/div>\n\t\t<\/div>\n\t\t\t\t\t<\/div>\n\t\t<\/section>\n\t\t\t\t<\/div>\n\t\t","protected":false},"excerpt":{"rendered":"<p>Entretien routier au Burkina : Le ministre des Infrastructures s\u2019impr\u00e8gne de l\u2019\u00e9tat des routes nationales N\u00b07 et 8 Le ministre en charge des Infrastructures, Adama Luc Sorgho, a visit\u00e9, le vendredi 17 mars 2023, les routes nationales N\u00b07 (Bobo-Banfora) et N\u00b08 (Bobo-Orodara). Une occasion pour lui de s\u2019impr\u00e9gner de l\u2019\u00e9tat de d\u00e9gradation de ces tron\u00e7ons. [&hellip;]<\/p>\n","protected":false},"author":2,"featured_media":0,"parent":0,"menu_order":0,"comment_status":"closed","ping_status":"closed","template":"","meta":{"site-sidebar-layout":"no-sidebar","site-content-layout":"page-builder","ast-site-content-layout":"default","site-content-style":"default","site-sidebar-style":"default","ast-global-header-display":"","ast-banner-title-visibility":"","ast-main-header-display":"","ast-hfb-above-header-display":"","ast-hfb-below-header-display":"","ast-hfb-mobile-header-display":"","site-post-title":"disabled","ast-breadcrumbs-content":"","ast-featured-img":"disabled","footer-sml-layout":"","theme-transparent-header-meta":"","adv-header-id-meta":"","stick-header-meta":"","header-above-stick-meta":"","header-main-stick-meta":"","header-below-stick-meta":"","astra-migrate-meta-layouts":"default","ast-page-background-enabled":"default","ast-page-background-meta":{"desktop":{"background-color":"","background-image":"","background-repeat":"repeat","background-position":"center center","background-size":"auto","background-attachment":"scroll","background-type":"","background-media":"","overlay-type":"","overlay-color":"","overlay-opacity":"","overlay-gradient":""},"tablet":{"background-color":"","background-image":"","background-repeat":"repeat","background-position":"center center","background-size":"auto","background-attachment":"scroll","background-type":"","background-media":"","overlay-type":"","overlay-color":"","overlay-opacity":"","overlay-gradient":""},"mobile":{"background-color":"","background-image":"","background-repeat":"repeat","background-position":"center center","background-size":"auto","background-attachment":"scroll","background-type":"","background-media":"","overlay-type":"","overlay-color":"","overlay-opacity":"","overlay-gradient":""}},"ast-content-background-meta":{"desktop":{"background-color":"var(--ast-global-color-5)","background-image":"","background-repeat":"repeat","background-position":"center center","background-size":"auto","background-attachment":"scroll","background-type":"","background-media":"","overlay-type":"","overlay-color":"","overlay-opacity":"","overlay-gradient":""},"tablet":{"background-color":"var(--ast-global-color-5)","background-image":"","background-repeat":"repeat","background-position":"center center","background-size":"auto","background-attachment":"scroll","background-type":"","background-media":"","overlay-type":"","overlay-color":"","overlay-opacity":"","overlay-gradient":""},"mobile":{"background-color":"var(--ast-global-color-5)","background-image":"","background-repeat":"repeat","background-position":"center center","background-size":"auto","background-attachment":"scroll","background-type":"","background-media":"","overlay-type":"","overlay-color":"","overlay-opacity":"","overlay-gradient":""}},"footnotes":""},"class_list":["post-2585","page","type-page","status-publish","hentry"],"jetpack_sharing_enabled":true,"rttpg_featured_image_url":null,"rttpg_author":{"display_name":"Hascor Burkina","author_link":"https:\/\/blog.hascorburkina.com\/index.php\/author\/hascorblog\/"},"rttpg_comment":0,"rttpg_category":null,"rttpg_excerpt":"Entretien routier au Burkina : Le ministre des Infrastructures s\u2019impr\u00e8gne de l\u2019\u00e9tat des routes nationales N\u00b07 et 8 Le ministre en charge des Infrastructures, Adama Luc Sorgho, a visit\u00e9, le vendredi 17 mars 2023, les routes nationales N\u00b07 (Bobo-Banfora) et N\u00b08 (Bobo-Orodara). Une occasion pour lui de s\u2019impr\u00e9gner de l\u2019\u00e9tat de d\u00e9gradation de ces tron\u00e7ons.\u2026","_links":{"self":[{"href":"https:\/\/blog.hascorburkina.com\/index.php\/wp-json\/wp\/v2\/pages\/2585","targetHints":{"allow":["GET"]}}],"collection":[{"href":"https:\/\/blog.hascorburkina.com\/index.php\/wp-json\/wp\/v2\/pages"}],"about":[{"href":"https:\/\/blog.hascorburkina.com\/index.php\/wp-json\/wp\/v2\/types\/page"}],"author":[{"embeddable":true,"href":"https:\/\/blog.hascorburkina.com\/index.php\/wp-json\/wp\/v2\/users\/2"}],"replies":[{"embeddable":true,"href":"https:\/\/blog.hascorburkina.com\/index.php\/wp-json\/wp\/v2\/comments?post=2585"}],"version-history":[{"count":7,"href":"https:\/\/blog.hascorburkina.com\/index.php\/wp-json\/wp\/v2\/pages\/2585\/revisions"}],"predecessor-version":[{"id":2620,"href":"https:\/\/blog.hascorburkina.com\/index.php\/wp-json\/wp\/v2\/pages\/2585\/revisions\/2620"}],"wp:attachment":[{"href":"https:\/\/blog.hascorburkina.com\/index.php\/wp-json\/wp\/v2\/media?parent=2585"}],"curies":[{"name":"wp","href":"https:\/\/api.w.org\/{rel}","templated":true}]}}