{"id":1665,"date":"2023-02-22T09:40:28","date_gmt":"2023-02-22T09:40:28","guid":{"rendered":"https:\/\/blog.hascorburkina.com\/?page_id=1665"},"modified":"2023-02-22T09:46:54","modified_gmt":"2023-02-22T09:46:54","slug":"reseaux-sociaux","status":"publish","type":"page","link":"https:\/\/blog.hascorburkina.com\/index.php\/reseaux-sociaux\/","title":{"rendered":"R\u00c9SEAUX SOCIAUX"},"content":{"rendered":"\t\t<div data-elementor-type=\"wp-page\" data-elementor-id=\"1665\" class=\"elementor elementor-1665\">\n\t\t\t\t\t\t<section class=\"elementor-section elementor-top-section elementor-element elementor-element-5484a30 elementor-reverse-mobile elementor-section-boxed elementor-section-height-default elementor-section-height-default\" data-id=\"5484a30\" data-element_type=\"section\" data-e-type=\"section\" data-settings=\"{&quot;background_background&quot;:&quot;classic&quot;}\">\n\t\t\t\t\t\t<div class=\"elementor-container elementor-column-gap-default\">\n\t\t\t\t\t<div class=\"elementor-column elementor-col-50 elementor-top-column elementor-element elementor-element-7a1d852\" data-id=\"7a1d852\" data-element_type=\"column\" data-e-type=\"column\">\n\t\t\t<div class=\"elementor-widget-wrap elementor-element-populated\">\n\t\t\t\t\t\t<div class=\"elementor-element elementor-element-9e7b331 elementor-widget elementor-widget-heading\" data-id=\"9e7b331\" data-element_type=\"widget\" data-e-type=\"widget\" data-widget_type=\"heading.default\">\n\t\t\t\t<div class=\"elementor-widget-container\">\n\t\t\t\t\t<h2 class=\"elementor-heading-title elementor-size-default\">Facebook dans l'\u00e9volution des m\u00e9dias sociaux <\/h2>\t\t\t\t<\/div>\n\t\t\t\t<\/div>\n\t\t\t\t<div class=\"elementor-element elementor-element-5032fb1 elementor-widget elementor-widget-text-editor\" data-id=\"5032fb1\" data-element_type=\"widget\" data-e-type=\"widget\" data-widget_type=\"text-editor.default\">\n\t\t\t\t<div class=\"elementor-widget-container\">\n\t\t\t\t\t\t\t\t\t<p>Le r\u00f4le de Facebook dans l&rsquo;\u00e9volution des m\u00e9dias sociaux est ind\u00e9niable. La plateforme a r\u00e9volutionn\u00e9 la fa\u00e7on dont les gens communiquent en ligne, en permettant aux utilisateurs de rester en contact avec leurs amis et leur famille, de partager du contenu multim\u00e9dia, de rejoindre des groupes d&rsquo;int\u00e9r\u00eat commun et de s&rsquo;engager avec des marques et des personnalit\u00e9s publiques.Voici quelques fa\u00e7ons dont Facebook a influenc\u00e9 les m\u00e9dias sociaux :<\/p>\t\t\t\t\t\t\t\t<\/div>\n\t\t\t\t<\/div>\n\t\t\t\t<section class=\"elementor-section elementor-inner-section elementor-element elementor-element-81dece8 elementor-section-boxed elementor-section-height-default elementor-section-height-default\" data-id=\"81dece8\" data-element_type=\"section\" data-e-type=\"section\">\n\t\t\t\t\t\t<div class=\"elementor-container elementor-column-gap-no\">\n\t\t\t\t\t<div class=\"elementor-column elementor-col-100 elementor-inner-column elementor-element elementor-element-a1150ea\" data-id=\"a1150ea\" data-element_type=\"column\" data-e-type=\"column\">\n\t\t\t<div class=\"elementor-widget-wrap elementor-element-populated\">\n\t\t\t\t\t\t<div class=\"elementor-element elementor-element-9593244 elementor-widget elementor-widget-heading\" data-id=\"9593244\" data-element_type=\"widget\" data-e-type=\"widget\" data-widget_type=\"heading.default\">\n\t\t\t\t<div class=\"elementor-widget-container\">\n\t\t\t\t\t<h3 class=\"elementor-heading-title elementor-size-default\">Connexion avec les amis et la famille<\/h3>\t\t\t\t<\/div>\n\t\t\t\t<\/div>\n\t\t\t\t<div class=\"elementor-element elementor-element-93c32de elementor-widget elementor-widget-text-editor\" data-id=\"93c32de\" data-element_type=\"widget\" data-e-type=\"widget\" data-widget_type=\"text-editor.default\">\n\t\t\t\t<div class=\"elementor-widget-container\">\n\t\t\t\t\t\t\t\t\t<p>Facebook a permis aux utilisateurs de se connecter avec leurs amis et leur famille en ligne. Les utilisateurs peuvent facilement partager des photos, des vid\u00e9os et des mises \u00e0 jour de leur vie quotidienne, permettant \u00e0 leurs proches de rester inform\u00e9s et de rester en contact.<\/p><p>\u00a0<\/p>\t\t\t\t\t\t\t\t<\/div>\n\t\t\t\t<\/div>\n\t\t\t\t<div class=\"elementor-element elementor-element-f5a0b9d elementor-widget elementor-widget-heading\" data-id=\"f5a0b9d\" data-element_type=\"widget\" data-e-type=\"widget\" data-widget_type=\"heading.default\">\n\t\t\t\t<div class=\"elementor-widget-container\">\n\t\t\t\t\t<h3 class=\"elementor-heading-title elementor-size-default\">Partage de contenu<\/h3>\t\t\t\t<\/div>\n\t\t\t\t<\/div>\n\t\t\t\t<div class=\"elementor-element elementor-element-6687cf9 elementor-widget elementor-widget-text-editor\" data-id=\"6687cf9\" data-element_type=\"widget\" data-e-type=\"widget\" data-widget_type=\"text-editor.default\">\n\t\t\t\t<div class=\"elementor-widget-container\">\n\t\t\t\t\t\t\t\t\t<p>Facebook est devenu un endroit central pour le partage de contenu, notamment des articles, des vid\u00e9os et des images. Les utilisateurs peuvent facilement partager du contenu en un clic et le contenu partag\u00e9 peut \u00eatre vu par un grand nombre de personnes.<\/p>\t\t\t\t\t\t\t\t<\/div>\n\t\t\t\t<\/div>\n\t\t\t\t<div class=\"elementor-element elementor-element-8130da1 elementor-widget elementor-widget-heading\" data-id=\"8130da1\" data-element_type=\"widget\" data-e-type=\"widget\" data-widget_type=\"heading.default\">\n\t\t\t\t<div class=\"elementor-widget-container\">\n\t\t\t\t\t<h3 class=\"elementor-heading-title elementor-size-default\">Engagement avec des personnalit\u00e9s publiques<\/h3>\t\t\t\t<\/div>\n\t\t\t\t<\/div>\n\t\t\t\t<div class=\"elementor-element elementor-element-62ab5a0 elementor-widget elementor-widget-text-editor\" data-id=\"62ab5a0\" data-element_type=\"widget\" data-e-type=\"widget\" data-widget_type=\"text-editor.default\">\n\t\t\t\t<div class=\"elementor-widget-container\">\n\t\t\t\t\t\t\t\t\t<p>Engagement avec des personnalit\u00e9s publiques : Facebook a \u00e9galement permis aux utilisateurs de s&rsquo;engager avec des personnalit\u00e9s publiques. Les utilisateurs peuvent suivre des personnalit\u00e9s publiques et interagir avec elles en commentant ou en aimant leurs publications. Les personnalit\u00e9s publiques peuvent \u00e9galement utiliser Facebook pour partager des mises \u00e0 jour sur leur vie et leur travail.<\/p>\t\t\t\t\t\t\t\t<\/div>\n\t\t\t\t<\/div>\n\t\t\t\t<div class=\"elementor-element elementor-element-d08f094 elementor-widget elementor-widget-text-editor\" data-id=\"d08f094\" data-element_type=\"widget\" data-e-type=\"widget\" data-widget_type=\"text-editor.default\">\n\t\t\t\t<div class=\"elementor-widget-container\">\n\t\t\t\t\t\t\t\t\t<p>Engagement avec des personnalit\u00e9s publiques : Facebook a \u00e9galement permis aux utilisateurs de s&rsquo;engager avec des personnalit\u00e9s publiques. Les utilisateurs peuvent suivre des personnalit\u00e9s publiques et interagir avec elles en commentant ou en aimant leurs publications. Les personnalit\u00e9s publiques peuvent \u00e9galement utiliser Facebook pour partager des mises \u00e0 jour sur leur vie et leur travail.<\/p>\t\t\t\t\t\t\t\t<\/div>\n\t\t\t\t<\/div>\n\t\t\t\t\t<\/div>\n\t\t<\/div>\n\t\t\t\t\t<\/div>\n\t\t<\/section>\n\t\t\t\t\t<\/div>\n\t\t<\/div>\n\t\t\t\t<div class=\"elementor-column elementor-col-50 elementor-top-column elementor-element elementor-element-8402c1e\" data-id=\"8402c1e\" data-element_type=\"column\" data-e-type=\"column\">\n\t\t\t<div class=\"elementor-widget-wrap elementor-element-populated\">\n\t\t\t\t\t\t<div class=\"elementor-element elementor-element-0d894e5 elementor-widget elementor-widget-image\" data-id=\"0d894e5\" data-element_type=\"widget\" data-e-type=\"widget\" data-widget_type=\"image.default\">\n\t\t\t\t<div class=\"elementor-widget-container\">\n\t\t\t\t\t\t\t\t\t\t\t\t\t\t\t<img fetchpriority=\"high\" decoding=\"async\" width=\"924\" height=\"616\" src=\"https:\/\/blog.hascorburkina.com\/wp-content\/uploads\/2023\/02\/20651bc7561c37858dadcb1476f95c21.png\" class=\"attachment-full size-full wp-image-1667\" alt=\"\" srcset=\"https:\/\/blog.hascorburkina.com\/wp-content\/uploads\/2023\/02\/20651bc7561c37858dadcb1476f95c21.png 924w, https:\/\/blog.hascorburkina.com\/wp-content\/uploads\/2023\/02\/20651bc7561c37858dadcb1476f95c21-600x400.png 600w, https:\/\/blog.hascorburkina.com\/wp-content\/uploads\/2023\/02\/20651bc7561c37858dadcb1476f95c21-300x200.png 300w, https:\/\/blog.hascorburkina.com\/wp-content\/uploads\/2023\/02\/20651bc7561c37858dadcb1476f95c21-768x512.png 768w\" sizes=\"(max-width: 924px) 100vw, 924px\" \/>\t\t\t\t\t\t\t\t\t\t\t\t\t\t\t<\/div>\n\t\t\t\t<\/div>\n\t\t\t\t\t<\/div>\n\t\t<\/div>\n\t\t\t\t\t<\/div>\n\t\t<\/section>\n\t\t\t\t<\/div>\n\t\t","protected":false},"excerpt":{"rendered":"<p>Facebook dans l&rsquo;\u00e9volution des m\u00e9dias sociaux Le r\u00f4le de Facebook dans l&rsquo;\u00e9volution des m\u00e9dias sociaux est ind\u00e9niable. La plateforme a r\u00e9volutionn\u00e9 la fa\u00e7on dont les gens communiquent en ligne, en permettant aux utilisateurs de rester en contact avec leurs amis et leur famille, de partager du contenu multim\u00e9dia, de rejoindre des groupes d&rsquo;int\u00e9r\u00eat commun et [&hellip;]<\/p>\n","protected":false},"author":2,"featured_media":0,"parent":0,"menu_order":0,"comment_status":"closed","ping_status":"closed","template":"","meta":{"site-sidebar-layout":"no-sidebar","site-content-layout":"page-builder","ast-site-content-layout":"default","site-content-style":"default","site-sidebar-style":"default","ast-global-header-display":"","ast-banner-title-visibility":"","ast-main-header-display":"","ast-hfb-above-header-display":"","ast-hfb-below-header-display":"","ast-hfb-mobile-header-display":"","site-post-title":"disabled","ast-breadcrumbs-content":"","ast-featured-img":"disabled","footer-sml-layout":"","theme-transparent-header-meta":"","adv-header-id-meta":"","stick-header-meta":"","header-above-stick-meta":"","header-main-stick-meta":"","header-below-stick-meta":"","astra-migrate-meta-layouts":"default","ast-page-background-enabled":"default","ast-page-background-meta":{"desktop":{"background-color":"","background-image":"","background-repeat":"repeat","background-position":"center center","background-size":"auto","background-attachment":"scroll","background-type":"","background-media":"","overlay-type":"","overlay-color":"","overlay-opacity":"","overlay-gradient":""},"tablet":{"background-color":"","background-image":"","background-repeat":"repeat","background-position":"center center","background-size":"auto","background-attachment":"scroll","background-type":"","background-media":"","overlay-type":"","overlay-color":"","overlay-opacity":"","overlay-gradient":""},"mobile":{"background-color":"","background-image":"","background-repeat":"repeat","background-position":"center center","background-size":"auto","background-attachment":"scroll","background-type":"","background-media":"","overlay-type":"","overlay-color":"","overlay-opacity":"","overlay-gradient":""}},"ast-content-background-meta":{"desktop":{"background-color":"var(--ast-global-color-5)","background-image":"","background-repeat":"repeat","background-position":"center center","background-size":"auto","background-attachment":"scroll","background-type":"","background-media":"","overlay-type":"","overlay-color":"","overlay-opacity":"","overlay-gradient":""},"tablet":{"background-color":"var(--ast-global-color-5)","background-image":"","background-repeat":"repeat","background-position":"center center","background-size":"auto","background-attachment":"scroll","background-type":"","background-media":"","overlay-type":"","overlay-color":"","overlay-opacity":"","overlay-gradient":""},"mobile":{"background-color":"var(--ast-global-color-5)","background-image":"","background-repeat":"repeat","background-position":"center center","background-size":"auto","background-attachment":"scroll","background-type":"","background-media":"","overlay-type":"","overlay-color":"","overlay-opacity":"","overlay-gradient":""}},"footnotes":""},"class_list":["post-1665","page","type-page","status-publish","hentry"],"jetpack_sharing_enabled":true,"rttpg_featured_image_url":null,"rttpg_author":{"display_name":"Hascor Burkina","author_link":"https:\/\/blog.hascorburkina.com\/index.php\/author\/hascorblog\/"},"rttpg_comment":0,"rttpg_category":null,"rttpg_excerpt":"Facebook dans l&rsquo;\u00e9volution des m\u00e9dias sociaux Le r\u00f4le de Facebook dans l&rsquo;\u00e9volution des m\u00e9dias sociaux est ind\u00e9niable. La plateforme a r\u00e9volutionn\u00e9 la fa\u00e7on dont les gens communiquent en ligne, en permettant aux utilisateurs de rester en contact avec leurs amis et leur famille, de partager du contenu multim\u00e9dia, de rejoindre des groupes d&rsquo;int\u00e9r\u00eat commun et\u2026","_links":{"self":[{"href":"https:\/\/blog.hascorburkina.com\/index.php\/wp-json\/wp\/v2\/pages\/1665","targetHints":{"allow":["GET"]}}],"collection":[{"href":"https:\/\/blog.hascorburkina.com\/index.php\/wp-json\/wp\/v2\/pages"}],"about":[{"href":"https:\/\/blog.hascorburkina.com\/index.php\/wp-json\/wp\/v2\/types\/page"}],"author":[{"embeddable":true,"href":"https:\/\/blog.hascorburkina.com\/index.php\/wp-json\/wp\/v2\/users\/2"}],"replies":[{"embeddable":true,"href":"https:\/\/blog.hascorburkina.com\/index.php\/wp-json\/wp\/v2\/comments?post=1665"}],"version-history":[{"count":4,"href":"https:\/\/blog.hascorburkina.com\/index.php\/wp-json\/wp\/v2\/pages\/1665\/revisions"}],"predecessor-version":[{"id":1671,"href":"https:\/\/blog.hascorburkina.com\/index.php\/wp-json\/wp\/v2\/pages\/1665\/revisions\/1671"}],"wp:attachment":[{"href":"https:\/\/blog.hascorburkina.com\/index.php\/wp-json\/wp\/v2\/media?parent=1665"}],"curies":[{"name":"wp","href":"https:\/\/api.w.org\/{rel}","templated":true}]}}